{"id":587,"date":"2025-01-15T20:07:29","date_gmt":"2025-01-15T20:07:29","guid":{"rendered":"https:\/\/www.sfsyedek.com\/?page_id=587"},"modified":"2025-01-15T20:16:37","modified_gmt":"2025-01-15T20:16:37","slug":"ekomak-kompresor-filtreleri","status":"publish","type":"page","link":"https:\/\/www.sfsyedek.com\/index.php\/ekomak-kompresor-filtreleri\/","title":{"rendered":"EKOMAK KOMPRES\u00d6R MUAD\u0130L F\u0130LTRE"},"content":{"rendered":"<figure class=\"wp-block-image size-full\"><a href=\"https:\/\/www.sfsyedek.com\/wp-content\/uploads\/2025\/01\/EKOMAK-KOMPRESOR-1.png\"><img fetchpriority=\"high\" decoding=\"async\" width=\"912\" height=\"471\" src=\"https:\/\/www.sfsyedek.com\/wp-content\/uploads\/2025\/01\/EKOMAK-KOMPRESOR-1.png\" alt=\"\" class=\"wp-image-588\" srcset=\"https:\/\/www.sfsyedek.com\/wp-content\/uploads\/2025\/01\/EKOMAK-KOMPRESOR-1.png 912w, https:\/\/www.sfsyedek.com\/wp-content\/uploads\/2025\/01\/EKOMAK-KOMPRESOR-1-300x155.png 300w, https:\/\/www.sfsyedek.com\/wp-content\/uploads\/2025\/01\/EKOMAK-KOMPRESOR-1-768x397.png 768w, https:\/\/www.sfsyedek.com\/wp-content\/uploads\/2025\/01\/EKOMAK-KOMPRESOR-1-500x258.png 500w\" sizes=\"(max-width: 912px) 100vw, 912px\" \/><\/a><\/figure><p class=\"has-text-align-center has-luminous-vivid-orange-color has-text-color has-link-color wp-elements-12c1d7e9f91d2b0d8fd0544b79dc04bc\"><strong>EKOMAK KOMPRES\u00d6R MODELLER\u0130<\/strong><\/p><figure class=\"wp-block-table has-medium-font-size\"><table class=\"has-luminous-vivid-orange-color has-white-background-color has-text-color has-background has-link-color has-fixed-layout\"><thead><tr><th class=\"has-text-align-center\" data-align=\"center\">EKOMAK MODEL<\/th><th class=\"has-text-align-center\" data-align=\"center\">SEPERAT\u00d6R F\u0130L.<\/th><th class=\"has-text-align-center\" data-align=\"center\">HAVA F\u0130LTRES\u0130<\/th><th class=\"has-text-align-center\" data-align=\"center\">YA\u011e F\u0130LTRES\u0130<\/th><\/tr><\/thead><tbody><tr><td class=\"has-text-align-center\" data-align=\"center\"> <strong>EKO DMD 30<\/strong>-40<\/td><td class=\"has-text-align-center\" data-align=\"center\"><a href=\"https:\/\/www.sfsyedek.com\/index.php\/urun\/ekomak-dmd-100-seperator\/\">6221372750<\/a><\/td><td class=\"has-text-align-center\" data-align=\"center\">2205722524<\/td><td class=\"has-text-align-center\" data-align=\"center\">6211472550<\/td><\/tr><tr><td class=\"has-text-align-center\" data-align=\"center\"><\/td><td class=\"has-text-align-center\" data-align=\"center\"><\/td><td class=\"has-text-align-center\" data-align=\"center\"><\/td><td class=\"has-text-align-center\" data-align=\"center\"><\/td><\/tr><\/tbody><\/table><\/figure><p><\/p>","protected":false},"excerpt":{"rendered":"<p>EKOMAK KOMPRES\u00d6R MODELLER\u0130 EKOMAK MODEL SEPERAT\u00d6R F\u0130L. HAVA F\u0130LTRES\u0130 YA\u011e F\u0130LTRES\u0130 EKO DMD 30-40 6221372750 2205722524 6211472550<\/p>\n","protected":false},"author":1,"featured_media":0,"parent":0,"menu_order":0,"comment_status":"closed","ping_status":"closed","template":"","meta":{"footnotes":""},"class_list":["post-587","page","type-page","status-publish","hentry"],"yoast_head":"<!-- This site is optimized with the Yoast SEO plugin v25.3.1 - https:\/\/yoast.com\/wordpress\/plugins\/seo\/ -->\n<title>EKOMAK KOMPRES\u00d6R MUAD\u0130L F\u0130LTRE - SFS YEDEK<\/title>\n<meta name=\"description\" content=\"Ekomak kompres\u00f6r seperat\u00f6r filtresi, Ekomak kompres\u00f6r hava filtresi, Ekomak kompres\u00f6r ya\u011f filtreleri, Orjinal ve muadil \u00fcr\u00fcn \u00e7e\u015fitleri\" \/>\n<meta name=\"robots\" content=\"index, follow, max-snippet:-1, max-image-preview:large, max-video-preview:-1\" \/>\n<link rel=\"canonical\" href=\"https:\/\/www.sfsyedek.com\/index.php\/ekomak-kompresor-filtreleri\/\" \/>\n<meta property=\"og:locale\" content=\"tr_TR\" \/>\n<meta property=\"og:type\" content=\"article\" \/>\n<meta property=\"og:title\" content=\"EKOMAK KOMPRES\u00d6R MUAD\u0130L F\u0130LTRE - SFS YEDEK\" \/>\n<meta property=\"og:description\" content=\"Ekomak kompres\u00f6r seperat\u00f6r filtresi, Ekomak kompres\u00f6r hava filtresi, Ekomak kompres\u00f6r ya\u011f filtreleri, Orjinal ve muadil \u00fcr\u00fcn \u00e7e\u015fitleri\" \/>\n<meta property=\"og:url\" content=\"https:\/\/www.sfsyedek.com\/index.php\/ekomak-kompresor-filtreleri\/\" \/>\n<meta property=\"og:site_name\" content=\"SFS YEDEK\" \/>\n<meta property=\"article:modified_time\" content=\"2025-01-15T20:16:37+00:00\" \/>\n<meta property=\"og:image\" content=\"https:\/\/www.sfsyedek.com\/wp-content\/uploads\/2025\/01\/EKOMAK-KOMPRESOR-1.png\" \/>\n\t<meta property=\"og:image:width\" content=\"912\" \/>\n\t<meta property=\"og:image:height\" content=\"471\" \/>\n\t<meta property=\"og:image:type\" content=\"image\/png\" \/>\n<meta name=\"twitter:card\" content=\"summary_large_image\" \/>\n<meta name=\"twitter:label1\" content=\"Tahmini okuma s\u00fcresi\" \/>\n\t<meta name=\"twitter:data1\" content=\"1 dakika\" \/>\n<script type=\"application\/ld+json\" class=\"yoast-schema-graph\">{\"@context\":\"https:\/\/schema.org\",\"@graph\":[{\"@type\":\"WebPage\",\"@id\":\"https:\/\/www.sfsyedek.com\/index.php\/ekomak-kompresor-filtreleri\/\",\"url\":\"https:\/\/www.sfsyedek.com\/index.php\/ekomak-kompresor-filtreleri\/\",\"name\":\"EKOMAK KOMPRES\u00d6R MUAD\u0130L F\u0130LTRE - SFS YEDEK\",\"isPartOf\":{\"@id\":\"https:\/\/www.sfsyedek.com\/#website\"},\"primaryImageOfPage\":{\"@id\":\"https:\/\/www.sfsyedek.com\/index.php\/ekomak-kompresor-filtreleri\/#primaryimage\"},\"image\":{\"@id\":\"https:\/\/www.sfsyedek.com\/index.php\/ekomak-kompresor-filtreleri\/#primaryimage\"},\"thumbnailUrl\":\"https:\/\/www.sfsyedek.com\/wp-content\/uploads\/2025\/01\/EKOMAK-KOMPRESOR-1.png\",\"datePublished\":\"2025-01-15T20:07:29+00:00\",\"dateModified\":\"2025-01-15T20:16:37+00:00\",\"description\":\"Ekomak kompres\u00f6r seperat\u00f6r filtresi, Ekomak kompres\u00f6r hava filtresi, Ekomak kompres\u00f6r ya\u011f filtreleri, Orjinal ve muadil \u00fcr\u00fcn \u00e7e\u015fitleri\",\"breadcrumb\":{\"@id\":\"https:\/\/www.sfsyedek.com\/index.php\/ekomak-kompresor-filtreleri\/#breadcrumb\"},\"inLanguage\":\"tr\",\"potentialAction\":[{\"@type\":\"ReadAction\",\"target\":[\"https:\/\/www.sfsyedek.com\/index.php\/ekomak-kompresor-filtreleri\/\"]}]},{\"@type\":\"ImageObject\",\"inLanguage\":\"tr\",\"@id\":\"https:\/\/www.sfsyedek.com\/index.php\/ekomak-kompresor-filtreleri\/#primaryimage\",\"url\":\"https:\/\/www.sfsyedek.com\/wp-content\/uploads\/2025\/01\/EKOMAK-KOMPRESOR-1.png\",\"contentUrl\":\"https:\/\/www.sfsyedek.com\/wp-content\/uploads\/2025\/01\/EKOMAK-KOMPRESOR-1.png\",\"width\":912,\"height\":471},{\"@type\":\"BreadcrumbList\",\"@id\":\"https:\/\/www.sfsyedek.com\/index.php\/ekomak-kompresor-filtreleri\/#breadcrumb\",\"itemListElement\":[{\"@type\":\"ListItem\",\"position\":1,\"name\":\"Anasayfa\",\"item\":\"https:\/\/www.sfsyedek.com\/\"},{\"@type\":\"ListItem\",\"position\":2,\"name\":\"EKOMAK KOMPRES\u00d6R MUAD\u0130L F\u0130LTRE\"}]},{\"@type\":\"WebSite\",\"@id\":\"https:\/\/www.sfsyedek.com\/#website\",\"url\":\"https:\/\/www.sfsyedek.com\/\",\"name\":\"SFS YEDEK\",\"description\":\"YEDEK PAR&Ccedil;A\",\"publisher\":{\"@id\":\"https:\/\/www.sfsyedek.com\/#organization\"},\"potentialAction\":[{\"@type\":\"SearchAction\",\"target\":{\"@type\":\"EntryPoint\",\"urlTemplate\":\"https:\/\/www.sfsyedek.com\/?s={search_term_string}\"},\"query-input\":{\"@type\":\"PropertyValueSpecification\",\"valueRequired\":true,\"valueName\":\"search_term_string\"}}],\"inLanguage\":\"tr\"},{\"@type\":\"Organization\",\"@id\":\"https:\/\/www.sfsyedek.com\/#organization\",\"name\":\"SFS YEDEK\",\"url\":\"https:\/\/www.sfsyedek.com\/\",\"logo\":{\"@type\":\"ImageObject\",\"inLanguage\":\"tr\",\"@id\":\"https:\/\/www.sfsyedek.com\/#\/schema\/logo\/image\/\",\"url\":\"https:\/\/www.sfsyedek.com\/wp-content\/uploads\/2024\/09\/cropped-cropped-90f0fd71-b5af-4f90-96d7-e70b973d623a-1-e1736365479160.jpg\",\"contentUrl\":\"https:\/\/www.sfsyedek.com\/wp-content\/uploads\/2024\/09\/cropped-cropped-90f0fd71-b5af-4f90-96d7-e70b973d623a-1-e1736365479160.jpg\",\"width\":115,\"height\":101,\"caption\":\"SFS YEDEK\"},\"image\":{\"@id\":\"https:\/\/www.sfsyedek.com\/#\/schema\/logo\/image\/\"}}]}<\/script>\n<!-- \/ Yoast SEO plugin. -->","yoast_head_json":{"title":"EKOMAK KOMPRES\u00d6R MUAD\u0130L F\u0130LTRE - SFS YEDEK","description":"Ekomak kompres\u00f6r seperat\u00f6r filtresi, Ekomak kompres\u00f6r hava filtresi, Ekomak kompres\u00f6r ya\u011f filtreleri, Orjinal ve muadil \u00fcr\u00fcn \u00e7e\u015fitleri","robots":{"index":"index","follow":"follow","max-snippet":"max-snippet:-1","max-image-preview":"max-image-preview:large","max-video-preview":"max-video-preview:-1"},"canonical":"https:\/\/www.sfsyedek.com\/index.php\/ekomak-kompresor-filtreleri\/","og_locale":"tr_TR","og_type":"article","og_title":"EKOMAK KOMPRES\u00d6R MUAD\u0130L F\u0130LTRE - SFS YEDEK","og_description":"Ekomak kompres\u00f6r seperat\u00f6r filtresi, Ekomak kompres\u00f6r hava filtresi, Ekomak kompres\u00f6r ya\u011f filtreleri, Orjinal ve muadil \u00fcr\u00fcn \u00e7e\u015fitleri","og_url":"https:\/\/www.sfsyedek.com\/index.php\/ekomak-kompresor-filtreleri\/","og_site_name":"SFS YEDEK","article_modified_time":"2025-01-15T20:16:37+00:00","og_image":[{"width":912,"height":471,"url":"https:\/\/www.sfsyedek.com\/wp-content\/uploads\/2025\/01\/EKOMAK-KOMPRESOR-1.png","type":"image\/png"}],"twitter_card":"summary_large_image","twitter_misc":{"Tahmini okuma s\u00fcresi":"1 dakika"},"schema":{"@context":"https:\/\/schema.org","@graph":[{"@type":"WebPage","@id":"https:\/\/www.sfsyedek.com\/index.php\/ekomak-kompresor-filtreleri\/","url":"https:\/\/www.sfsyedek.com\/index.php\/ekomak-kompresor-filtreleri\/","name":"EKOMAK KOMPRES\u00d6R MUAD\u0130L F\u0130LTRE - SFS YEDEK","isPartOf":{"@id":"https:\/\/www.sfsyedek.com\/#website"},"primaryImageOfPage":{"@id":"https:\/\/www.sfsyedek.com\/index.php\/ekomak-kompresor-filtreleri\/#primaryimage"},"image":{"@id":"https:\/\/www.sfsyedek.com\/index.php\/ekomak-kompresor-filtreleri\/#primaryimage"},"thumbnailUrl":"https:\/\/www.sfsyedek.com\/wp-content\/uploads\/2025\/01\/EKOMAK-KOMPRESOR-1.png","datePublished":"2025-01-15T20:07:29+00:00","dateModified":"2025-01-15T20:16:37+00:00","description":"Ekomak kompres\u00f6r seperat\u00f6r filtresi, Ekomak kompres\u00f6r hava filtresi, Ekomak kompres\u00f6r ya\u011f filtreleri, Orjinal ve muadil \u00fcr\u00fcn \u00e7e\u015fitleri","breadcrumb":{"@id":"https:\/\/www.sfsyedek.com\/index.php\/ekomak-kompresor-filtreleri\/#breadcrumb"},"inLanguage":"tr","potentialAction":[{"@type":"ReadAction","target":["https:\/\/www.sfsyedek.com\/index.php\/ekomak-kompresor-filtreleri\/"]}]},{"@type":"ImageObject","inLanguage":"tr","@id":"https:\/\/www.sfsyedek.com\/index.php\/ekomak-kompresor-filtreleri\/#primaryimage","url":"https:\/\/www.sfsyedek.com\/wp-content\/uploads\/2025\/01\/EKOMAK-KOMPRESOR-1.png","contentUrl":"https:\/\/www.sfsyedek.com\/wp-content\/uploads\/2025\/01\/EKOMAK-KOMPRESOR-1.png","width":912,"height":471},{"@type":"BreadcrumbList","@id":"https:\/\/www.sfsyedek.com\/index.php\/ekomak-kompresor-filtreleri\/#breadcrumb","itemListElement":[{"@type":"ListItem","position":1,"name":"Anasayfa","item":"https:\/\/www.sfsyedek.com\/"},{"@type":"ListItem","position":2,"name":"EKOMAK KOMPRES\u00d6R MUAD\u0130L F\u0130LTRE"}]},{"@type":"WebSite","@id":"https:\/\/www.sfsyedek.com\/#website","url":"https:\/\/www.sfsyedek.com\/","name":"SFS YEDEK","description":"YEDEK PAR&Ccedil;A","publisher":{"@id":"https:\/\/www.sfsyedek.com\/#organization"},"potentialAction":[{"@type":"SearchAction","target":{"@type":"EntryPoint","urlTemplate":"https:\/\/www.sfsyedek.com\/?s={search_term_string}"},"query-input":{"@type":"PropertyValueSpecification","valueRequired":true,"valueName":"search_term_string"}}],"inLanguage":"tr"},{"@type":"Organization","@id":"https:\/\/www.sfsyedek.com\/#organization","name":"SFS YEDEK","url":"https:\/\/www.sfsyedek.com\/","logo":{"@type":"ImageObject","inLanguage":"tr","@id":"https:\/\/www.sfsyedek.com\/#\/schema\/logo\/image\/","url":"https:\/\/www.sfsyedek.com\/wp-content\/uploads\/2024\/09\/cropped-cropped-90f0fd71-b5af-4f90-96d7-e70b973d623a-1-e1736365479160.jpg","contentUrl":"https:\/\/www.sfsyedek.com\/wp-content\/uploads\/2024\/09\/cropped-cropped-90f0fd71-b5af-4f90-96d7-e70b973d623a-1-e1736365479160.jpg","width":115,"height":101,"caption":"SFS YEDEK"},"image":{"@id":"https:\/\/www.sfsyedek.com\/#\/schema\/logo\/image\/"}}]}},"jetpack_sharing_enabled":true,"_links":{"self":[{"href":"https:\/\/www.sfsyedek.com\/index.php\/wp-json\/wp\/v2\/pages\/587","targetHints":{"allow":["GET"]}}],"collection":[{"href":"https:\/\/www.sfsyedek.com\/index.php\/wp-json\/wp\/v2\/pages"}],"about":[{"href":"https:\/\/www.sfsyedek.com\/index.php\/wp-json\/wp\/v2\/types\/page"}],"author":[{"embeddable":true,"href":"https:\/\/www.sfsyedek.com\/index.php\/wp-json\/wp\/v2\/users\/1"}],"replies":[{"embeddable":true,"href":"https:\/\/www.sfsyedek.com\/index.php\/wp-json\/wp\/v2\/comments?post=587"}],"version-history":[{"count":3,"href":"https:\/\/www.sfsyedek.com\/index.php\/wp-json\/wp\/v2\/pages\/587\/revisions"}],"predecessor-version":[{"id":704,"href":"https:\/\/www.sfsyedek.com\/index.php\/wp-json\/wp\/v2\/pages\/587\/revisions\/704"}],"wp:attachment":[{"href":"https:\/\/www.sfsyedek.com\/index.php\/wp-json\/wp\/v2\/media?parent=587"}],"curies":[{"name":"wp","href":"https:\/\/api.w.org\/{rel}","templated":true}]}}