{"id":244,"date":"2023-03-05T23:17:39","date_gmt":"2023-03-05T23:17:39","guid":{"rendered":"https:\/\/www.sfsyedek.com\/?post_type=product&#038;p=244"},"modified":"2023-03-19T23:38:13","modified_gmt":"2023-03-19T23:38:13","slug":"mikropor-mke-38-basincli-hava-kurutucusu","status":"publish","type":"product","link":"https:\/\/www.sfsyedek.com\/index.php\/urun\/mikropor-mke-38-basincli-hava-kurutucusu\/","title":{"rendered":"Mikropor MKE 38 Bas\u0131n\u00e7l\u0131 Hava Kurutucusu"},"content":{"rendered":"<p>Mikropor Bas\u0131n\u00e7l\u0131 Hava Kurutucusu<\/p>\n<p>MODEL : MKE 38<\/p>\n<p>KAPAS\u0130TE : 38 M\u00b3\/SAAT \u2013 633 L\u0130TRE\/DAK\u0130KA<\/p>\n<p>BA\u011eLANTI : 1\/2\u2033<\/p>\n<p>GER\u0130L\u0130M : 230 VOLT \u2013 1PH \u2013 50 HZ<\/p>\n<p>\u00c7ALI\u015eMA BASINCI : 16 BAR<\/p>\n<p>\u00c7ALI\u015eMA ORTAM SICAKLI\u011eI : 45\u00b0C<\/p>\n<p>MAKS\u0130MUM HAVA SICAKLI\u011eI : 50\u00b0C<\/p>\n<p>SO\u011eUTUCU GAZ : r-134a<\/p>\n<p>GKON 55 MX-MY F\u0130LTRELER KURUTUCUNUN \u0130\u00c7\u0130NE MONTEL\u0130D\u0130R<\/p>\n","protected":false},"excerpt":{"rendered":"<p>Mikropor MKE 38 Kurutucu<\/p>\n<p>633 Lt\/Dk Kurutucu<\/p>\n","protected":false},"featured_media":272,"comment_status":"open","ping_status":"closed","template":"","meta":[],"product_brand":[],"product_cat":[46],"product_tag":[48,42,47],"class_list":{"0":"post-244","1":"product","2":"type-product","3":"status-publish","4":"has-post-thumbnail","6":"product_cat-kurutucu-filtre-element","7":"product_tag-630-litre-kurutucu","8":"product_tag-mikropor-kurutucu","9":"product_tag-mke-38-kurutucu","11":"first","12":"instock","13":"taxable","14":"shipping-taxable","15":"purchasable","16":"product-type-simple"},"yoast_head":"<!-- This site is optimized with the Yoast SEO plugin v25.3.1 - https:\/\/yoast.com\/wordpress\/plugins\/seo\/ -->\n<title>Mikropor MKE 38 Bas\u0131n\u00e7l\u0131 Hava Kurutucusu - SFS YEDEK<\/title>\n<meta name=\"description\" content=\"Mikropor MKE 38 Bas\u0131n\u00e7l\u0131 Hava kurutucusu, 630 litre kurutucu, gazl\u0131 tip bas\u0131n\u00e7l\u0131 hava kurutucusu, mikropor kurutucu , MKO55 element , GKON 55 mx-my element\" \/>\n<meta name=\"robots\" content=\"index, follow, max-snippet:-1, max-image-preview:large, max-video-preview:-1\" \/>\n<link rel=\"canonical\" href=\"https:\/\/www.sfsyedek.com\/index.php\/urun\/mikropor-mke-38-basincli-hava-kurutucusu\/\" \/>\n<meta property=\"og:locale\" content=\"tr_TR\" \/>\n<meta property=\"og:type\" content=\"article\" \/>\n<meta property=\"og:title\" content=\"Mikropor MKE 38 Bas\u0131n\u00e7l\u0131 Hava Kurutucusu - SFS YEDEK\" \/>\n<meta property=\"og:description\" content=\"Mikropor MKE 38 Bas\u0131n\u00e7l\u0131 Hava kurutucusu, 630 litre kurutucu, gazl\u0131 tip bas\u0131n\u00e7l\u0131 hava kurutucusu, mikropor kurutucu , MKO55 element , GKON 55 mx-my element\" \/>\n<meta property=\"og:url\" content=\"https:\/\/www.sfsyedek.com\/index.php\/urun\/mikropor-mke-38-basincli-hava-kurutucusu\/\" \/>\n<meta property=\"og:site_name\" content=\"SFS YEDEK\" \/>\n<meta property=\"article:modified_time\" content=\"2023-03-19T23:38:13+00:00\" \/>\n<meta property=\"og:image\" content=\"https:\/\/www.sfsyedek.com\/wp-content\/uploads\/2023\/03\/indir-7-tile-e1679268319440.jpg\" \/>\n\t<meta property=\"og:image:width\" content=\"250\" \/>\n\t<meta property=\"og:image:height\" content=\"311\" \/>\n\t<meta property=\"og:image:type\" content=\"image\/jpeg\" \/>\n<meta name=\"twitter:card\" content=\"summary_large_image\" \/>\n<meta name=\"twitter:label1\" content=\"Tahmini okuma s\u00fcresi\" \/>\n\t<meta name=\"twitter:data1\" content=\"1 dakika\" \/>\n<script type=\"application\/ld+json\" class=\"yoast-schema-graph\">{\"@context\":\"https:\/\/schema.org\",\"@graph\":[{\"@type\":\"WebPage\",\"@id\":\"https:\/\/www.sfsyedek.com\/index.php\/urun\/mikropor-mke-38-basincli-hava-kurutucusu\/\",\"url\":\"https:\/\/www.sfsyedek.com\/index.php\/urun\/mikropor-mke-38-basincli-hava-kurutucusu\/\",\"name\":\"Mikropor MKE 38 Bas\u0131n\u00e7l\u0131 Hava Kurutucusu - SFS YEDEK\",\"isPartOf\":{\"@id\":\"https:\/\/www.sfsyedek.com\/#website\"},\"primaryImageOfPage\":{\"@id\":\"https:\/\/www.sfsyedek.com\/index.php\/urun\/mikropor-mke-38-basincli-hava-kurutucusu\/#primaryimage\"},\"image\":{\"@id\":\"https:\/\/www.sfsyedek.com\/index.php\/urun\/mikropor-mke-38-basincli-hava-kurutucusu\/#primaryimage\"},\"thumbnailUrl\":\"https:\/\/www.sfsyedek.com\/wp-content\/uploads\/2023\/03\/indir-7-tile-e1679268319440.jpg\",\"datePublished\":\"2023-03-05T23:17:39+00:00\",\"dateModified\":\"2023-03-19T23:38:13+00:00\",\"description\":\"Mikropor MKE 38 Bas\u0131n\u00e7l\u0131 Hava kurutucusu, 630 litre kurutucu, gazl\u0131 tip bas\u0131n\u00e7l\u0131 hava kurutucusu, mikropor kurutucu , MKO55 element , GKON 55 mx-my element\",\"breadcrumb\":{\"@id\":\"https:\/\/www.sfsyedek.com\/index.php\/urun\/mikropor-mke-38-basincli-hava-kurutucusu\/#breadcrumb\"},\"inLanguage\":\"tr\",\"potentialAction\":[{\"@type\":\"ReadAction\",\"target\":[\"https:\/\/www.sfsyedek.com\/index.php\/urun\/mikropor-mke-38-basincli-hava-kurutucusu\/\"]}]},{\"@type\":\"ImageObject\",\"inLanguage\":\"tr\",\"@id\":\"https:\/\/www.sfsyedek.com\/index.php\/urun\/mikropor-mke-38-basincli-hava-kurutucusu\/#primaryimage\",\"url\":\"https:\/\/www.sfsyedek.com\/wp-content\/uploads\/2023\/03\/indir-7-tile-e1679268319440.jpg\",\"contentUrl\":\"https:\/\/www.sfsyedek.com\/wp-content\/uploads\/2023\/03\/indir-7-tile-e1679268319440.jpg\",\"width\":250,\"height\":311},{\"@type\":\"BreadcrumbList\",\"@id\":\"https:\/\/www.sfsyedek.com\/index.php\/urun\/mikropor-mke-38-basincli-hava-kurutucusu\/#breadcrumb\",\"itemListElement\":[{\"@type\":\"ListItem\",\"position\":1,\"name\":\"Anasayfa\",\"item\":\"https:\/\/www.sfsyedek.com\/\"},{\"@type\":\"ListItem\",\"position\":2,\"name\":\"Ma\u011faza\",\"item\":\"https:\/\/www.sfsyedek.com\/index.php\/magaza\/\"},{\"@type\":\"ListItem\",\"position\":3,\"name\":\"Mikropor MKE 38 Bas\u0131n\u00e7l\u0131 Hava Kurutucusu\"}]},{\"@type\":\"WebSite\",\"@id\":\"https:\/\/www.sfsyedek.com\/#website\",\"url\":\"https:\/\/www.sfsyedek.com\/\",\"name\":\"SFS YEDEK\",\"description\":\"YEDEK PAR&Ccedil;A\",\"publisher\":{\"@id\":\"https:\/\/www.sfsyedek.com\/#organization\"},\"potentialAction\":[{\"@type\":\"SearchAction\",\"target\":{\"@type\":\"EntryPoint\",\"urlTemplate\":\"https:\/\/www.sfsyedek.com\/?s={search_term_string}\"},\"query-input\":{\"@type\":\"PropertyValueSpecification\",\"valueRequired\":true,\"valueName\":\"search_term_string\"}}],\"inLanguage\":\"tr\"},{\"@type\":\"Organization\",\"@id\":\"https:\/\/www.sfsyedek.com\/#organization\",\"name\":\"SFS YEDEK\",\"url\":\"https:\/\/www.sfsyedek.com\/\",\"logo\":{\"@type\":\"ImageObject\",\"inLanguage\":\"tr\",\"@id\":\"https:\/\/www.sfsyedek.com\/#\/schema\/logo\/image\/\",\"url\":\"https:\/\/www.sfsyedek.com\/wp-content\/uploads\/2024\/09\/cropped-cropped-90f0fd71-b5af-4f90-96d7-e70b973d623a-1-e1736365479160.jpg\",\"contentUrl\":\"https:\/\/www.sfsyedek.com\/wp-content\/uploads\/2024\/09\/cropped-cropped-90f0fd71-b5af-4f90-96d7-e70b973d623a-1-e1736365479160.jpg\",\"width\":115,\"height\":101,\"caption\":\"SFS YEDEK\"},\"image\":{\"@id\":\"https:\/\/www.sfsyedek.com\/#\/schema\/logo\/image\/\"}}]}<\/script>\n<!-- \/ Yoast SEO plugin. -->","yoast_head_json":{"title":"Mikropor MKE 38 Bas\u0131n\u00e7l\u0131 Hava Kurutucusu - SFS YEDEK","description":"Mikropor MKE 38 Bas\u0131n\u00e7l\u0131 Hava kurutucusu, 630 litre kurutucu, gazl\u0131 tip bas\u0131n\u00e7l\u0131 hava kurutucusu, mikropor kurutucu , MKO55 element , GKON 55 mx-my element","robots":{"index":"index","follow":"follow","max-snippet":"max-snippet:-1","max-image-preview":"max-image-preview:large","max-video-preview":"max-video-preview:-1"},"canonical":"https:\/\/www.sfsyedek.com\/index.php\/urun\/mikropor-mke-38-basincli-hava-kurutucusu\/","og_locale":"tr_TR","og_type":"article","og_title":"Mikropor MKE 38 Bas\u0131n\u00e7l\u0131 Hava Kurutucusu - SFS YEDEK","og_description":"Mikropor MKE 38 Bas\u0131n\u00e7l\u0131 Hava kurutucusu, 630 litre kurutucu, gazl\u0131 tip bas\u0131n\u00e7l\u0131 hava kurutucusu, mikropor kurutucu , MKO55 element , GKON 55 mx-my element","og_url":"https:\/\/www.sfsyedek.com\/index.php\/urun\/mikropor-mke-38-basincli-hava-kurutucusu\/","og_site_name":"SFS YEDEK","article_modified_time":"2023-03-19T23:38:13+00:00","og_image":[{"width":250,"height":311,"url":"https:\/\/www.sfsyedek.com\/wp-content\/uploads\/2023\/03\/indir-7-tile-e1679268319440.jpg","type":"image\/jpeg"}],"twitter_card":"summary_large_image","twitter_misc":{"Tahmini okuma s\u00fcresi":"1 dakika"},"schema":{"@context":"https:\/\/schema.org","@graph":[{"@type":"WebPage","@id":"https:\/\/www.sfsyedek.com\/index.php\/urun\/mikropor-mke-38-basincli-hava-kurutucusu\/","url":"https:\/\/www.sfsyedek.com\/index.php\/urun\/mikropor-mke-38-basincli-hava-kurutucusu\/","name":"Mikropor MKE 38 Bas\u0131n\u00e7l\u0131 Hava Kurutucusu - SFS YEDEK","isPartOf":{"@id":"https:\/\/www.sfsyedek.com\/#website"},"primaryImageOfPage":{"@id":"https:\/\/www.sfsyedek.com\/index.php\/urun\/mikropor-mke-38-basincli-hava-kurutucusu\/#primaryimage"},"image":{"@id":"https:\/\/www.sfsyedek.com\/index.php\/urun\/mikropor-mke-38-basincli-hava-kurutucusu\/#primaryimage"},"thumbnailUrl":"https:\/\/www.sfsyedek.com\/wp-content\/uploads\/2023\/03\/indir-7-tile-e1679268319440.jpg","datePublished":"2023-03-05T23:17:39+00:00","dateModified":"2023-03-19T23:38:13+00:00","description":"Mikropor MKE 38 Bas\u0131n\u00e7l\u0131 Hava kurutucusu, 630 litre kurutucu, gazl\u0131 tip bas\u0131n\u00e7l\u0131 hava kurutucusu, mikropor kurutucu , MKO55 element , GKON 55 mx-my element","breadcrumb":{"@id":"https:\/\/www.sfsyedek.com\/index.php\/urun\/mikropor-mke-38-basincli-hava-kurutucusu\/#breadcrumb"},"inLanguage":"tr","potentialAction":[{"@type":"ReadAction","target":["https:\/\/www.sfsyedek.com\/index.php\/urun\/mikropor-mke-38-basincli-hava-kurutucusu\/"]}]},{"@type":"ImageObject","inLanguage":"tr","@id":"https:\/\/www.sfsyedek.com\/index.php\/urun\/mikropor-mke-38-basincli-hava-kurutucusu\/#primaryimage","url":"https:\/\/www.sfsyedek.com\/wp-content\/uploads\/2023\/03\/indir-7-tile-e1679268319440.jpg","contentUrl":"https:\/\/www.sfsyedek.com\/wp-content\/uploads\/2023\/03\/indir-7-tile-e1679268319440.jpg","width":250,"height":311},{"@type":"BreadcrumbList","@id":"https:\/\/www.sfsyedek.com\/index.php\/urun\/mikropor-mke-38-basincli-hava-kurutucusu\/#breadcrumb","itemListElement":[{"@type":"ListItem","position":1,"name":"Anasayfa","item":"https:\/\/www.sfsyedek.com\/"},{"@type":"ListItem","position":2,"name":"Ma\u011faza","item":"https:\/\/www.sfsyedek.com\/index.php\/magaza\/"},{"@type":"ListItem","position":3,"name":"Mikropor MKE 38 Bas\u0131n\u00e7l\u0131 Hava Kurutucusu"}]},{"@type":"WebSite","@id":"https:\/\/www.sfsyedek.com\/#website","url":"https:\/\/www.sfsyedek.com\/","name":"SFS YEDEK","description":"YEDEK PAR&Ccedil;A","publisher":{"@id":"https:\/\/www.sfsyedek.com\/#organization"},"potentialAction":[{"@type":"SearchAction","target":{"@type":"EntryPoint","urlTemplate":"https:\/\/www.sfsyedek.com\/?s={search_term_string}"},"query-input":{"@type":"PropertyValueSpecification","valueRequired":true,"valueName":"search_term_string"}}],"inLanguage":"tr"},{"@type":"Organization","@id":"https:\/\/www.sfsyedek.com\/#organization","name":"SFS YEDEK","url":"https:\/\/www.sfsyedek.com\/","logo":{"@type":"ImageObject","inLanguage":"tr","@id":"https:\/\/www.sfsyedek.com\/#\/schema\/logo\/image\/","url":"https:\/\/www.sfsyedek.com\/wp-content\/uploads\/2024\/09\/cropped-cropped-90f0fd71-b5af-4f90-96d7-e70b973d623a-1-e1736365479160.jpg","contentUrl":"https:\/\/www.sfsyedek.com\/wp-content\/uploads\/2024\/09\/cropped-cropped-90f0fd71-b5af-4f90-96d7-e70b973d623a-1-e1736365479160.jpg","width":115,"height":101,"caption":"SFS YEDEK"},"image":{"@id":"https:\/\/www.sfsyedek.com\/#\/schema\/logo\/image\/"}}]}},"jetpack_sharing_enabled":true,"_links":{"self":[{"href":"https:\/\/www.sfsyedek.com\/index.php\/wp-json\/wp\/v2\/product\/244","targetHints":{"allow":["GET"]}}],"collection":[{"href":"https:\/\/www.sfsyedek.com\/index.php\/wp-json\/wp\/v2\/product"}],"about":[{"href":"https:\/\/www.sfsyedek.com\/index.php\/wp-json\/wp\/v2\/types\/product"}],"replies":[{"embeddable":true,"href":"https:\/\/www.sfsyedek.com\/index.php\/wp-json\/wp\/v2\/comments?post=244"}],"wp:featuredmedia":[{"embeddable":true,"href":"https:\/\/www.sfsyedek.com\/index.php\/wp-json\/wp\/v2\/media\/272"}],"wp:attachment":[{"href":"https:\/\/www.sfsyedek.com\/index.php\/wp-json\/wp\/v2\/media?parent=244"}],"wp:term":[{"taxonomy":"product_brand","embeddable":true,"href":"https:\/\/www.sfsyedek.com\/index.php\/wp-json\/wp\/v2\/product_brand?post=244"},{"taxonomy":"product_cat","embeddable":true,"href":"https:\/\/www.sfsyedek.com\/index.php\/wp-json\/wp\/v2\/product_cat?post=244"},{"taxonomy":"product_tag","embeddable":true,"href":"https:\/\/www.sfsyedek.com\/index.php\/wp-json\/wp\/v2\/product_tag?post=244"}],"curies":[{"name":"wp","href":"https:\/\/api.w.org\/{rel}","templated":true}]}}