{"id":292,"date":"2023-03-31T23:48:08","date_gmt":"2023-03-31T23:48:08","guid":{"rendered":"https:\/\/www.sfsyedek.com\/?post_type=product&#038;p=292"},"modified":"2024-09-07T21:49:45","modified_gmt":"2024-09-07T21:49:45","slug":"ekomak-eko-30-cdvst-separator-filtresi-1630160719-ekomak-eko37-cdvst-seperator-filtresi-mkn00917","status":"publish","type":"product","link":"https:\/\/www.sfsyedek.com\/index.php\/urun\/ekomak-eko-30-cdvst-separator-filtresi-1630160719-ekomak-eko37-cdvst-seperator-filtresi-mkn00917\/","title":{"rendered":"Ekomak EKO37 Seperat\u00f6r filtresi  1630160719"},"content":{"rendered":"<p>EKOMAK 1630160719<\/p>\n<p>EKOMAK EKO 37 , EKO 45 , EKO 55 SEPERAT\u00d6R F\u0130LTRES\u0130<\/p>\n<p>EKOMAK EKO 37CD , EKO 45CD VST SEPERAT\u00d6R F\u0130LTRES\u0130<\/p>\n<p>EKOMAK MKN000917<\/p>\n<p>EKOMAK 2205722478<\/p>\n<p>EKOMAK 2205721677<\/p>\n<p>EKOMAK 2901990401<\/p>\n<p>EKOMAK 245911<\/p>\n<p>COMPA\u0130R 98262162<\/p>\n<p>CECCATO 2200640919 , 640919<\/p>\n<p>PNEUMOFORE 43317<\/p>\n<p>F\u0130N\u0130 48474000<\/p>\n<p>MACOMEUDON 529884<\/p>\n<p>ROTORCOMP R3391<\/p>\n<p>&nbsp;<\/p>\n<p>&nbsp;<\/p>\n","protected":false},"excerpt":{"rendered":"<p>EKOMAK 1630160719 , MKN000917<\/p>\n<p>EKOMAK EKO 37 , EKO 45 , EKO 55 CD<\/p>\n<p>EKOMAK EKO 37 CD VST , EKO 45CD VST SEPERAT\u00d6R F\u0130LTRES\u0130<\/p>\n<p>&nbsp;<\/p>\n<p>EKOMAK 2205722478<\/p>\n<p>EKOMAK 2205721677<\/p>\n","protected":false},"featured_media":303,"comment_status":"open","ping_status":"closed","template":"","meta":[],"product_brand":[],"product_cat":[63],"product_tag":[59,57,58],"class_list":{"0":"post-292","1":"product","2":"type-product","3":"status-publish","4":"has-post-thumbnail","6":"product_cat-seperator-filtresi","7":"product_tag-1630160719-seperator","8":"product_tag-eko37-seperator","9":"product_tag-ekomak-eko-45-seperator","11":"first","12":"instock","13":"taxable","14":"shipping-taxable","15":"purchasable","16":"product-type-simple"},"yoast_head":"<!-- This site is optimized with the Yoast SEO plugin v25.3.1 - https:\/\/yoast.com\/wordpress\/plugins\/seo\/ -->\n<title>Ekomak EKO37 Seperat\u00f6r filtresi 1630160719 - SFS YEDEK<\/title>\n<meta name=\"description\" content=\"EKOMAK 1630160719 ,EKOMAK EKO 37 SEPERATOR , EKOMAK EKO 45 , EKOMAK EKO 55 SEPERAT\u00d6R F\u0130LTRES\u0130 EKOMAK EKO 37CD , EKO 45CD VST SEPERAT\u00d6R F\u0130LTRES\u0130, EKOMAK EKO\" \/>\n<meta name=\"robots\" content=\"index, follow, max-snippet:-1, max-image-preview:large, max-video-preview:-1\" \/>\n<link rel=\"canonical\" href=\"https:\/\/www.sfsyedek.com\/index.php\/urun\/ekomak-eko-30-cdvst-separator-filtresi-1630160719-ekomak-eko37-cdvst-seperator-filtresi-mkn00917\/\" \/>\n<meta property=\"og:locale\" content=\"tr_TR\" \/>\n<meta property=\"og:type\" content=\"article\" \/>\n<meta property=\"og:title\" content=\"Ekomak EKO37 Seperat\u00f6r filtresi 1630160719 - SFS YEDEK\" \/>\n<meta property=\"og:description\" content=\"EKOMAK 1630160719 ,EKOMAK EKO 37 SEPERATOR , EKOMAK EKO 45 , EKOMAK EKO 55 SEPERAT\u00d6R F\u0130LTRES\u0130 EKOMAK EKO 37CD , EKO 45CD VST SEPERAT\u00d6R F\u0130LTRES\u0130, EKOMAK EKO\" \/>\n<meta property=\"og:url\" content=\"https:\/\/www.sfsyedek.com\/index.php\/urun\/ekomak-eko-30-cdvst-separator-filtresi-1630160719-ekomak-eko37-cdvst-seperator-filtresi-mkn00917\/\" \/>\n<meta property=\"og:site_name\" content=\"SFS YEDEK\" \/>\n<meta property=\"article:modified_time\" content=\"2024-09-07T21:49:45+00:00\" \/>\n<meta property=\"og:image\" content=\"https:\/\/www.sfsyedek.com\/wp-content\/uploads\/2023\/03\/eko-37SEP.jpg\" \/>\n\t<meta property=\"og:image:width\" content=\"689\" \/>\n\t<meta property=\"og:image:height\" content=\"717\" \/>\n\t<meta property=\"og:image:type\" content=\"image\/jpeg\" \/>\n<meta name=\"twitter:card\" content=\"summary_large_image\" \/>\n<meta name=\"twitter:label1\" content=\"Tahmini okuma s\u00fcresi\" \/>\n\t<meta name=\"twitter:data1\" content=\"1 dakika\" \/>\n<script type=\"application\/ld+json\" class=\"yoast-schema-graph\">{\"@context\":\"https:\/\/schema.org\",\"@graph\":[{\"@type\":\"WebPage\",\"@id\":\"https:\/\/www.sfsyedek.com\/index.php\/urun\/ekomak-eko-30-cdvst-separator-filtresi-1630160719-ekomak-eko37-cdvst-seperator-filtresi-mkn00917\/\",\"url\":\"https:\/\/www.sfsyedek.com\/index.php\/urun\/ekomak-eko-30-cdvst-separator-filtresi-1630160719-ekomak-eko37-cdvst-seperator-filtresi-mkn00917\/\",\"name\":\"Ekomak EKO37 Seperat\u00f6r filtresi 1630160719 - SFS YEDEK\",\"isPartOf\":{\"@id\":\"https:\/\/www.sfsyedek.com\/#website\"},\"primaryImageOfPage\":{\"@id\":\"https:\/\/www.sfsyedek.com\/index.php\/urun\/ekomak-eko-30-cdvst-separator-filtresi-1630160719-ekomak-eko37-cdvst-seperator-filtresi-mkn00917\/#primaryimage\"},\"image\":{\"@id\":\"https:\/\/www.sfsyedek.com\/index.php\/urun\/ekomak-eko-30-cdvst-separator-filtresi-1630160719-ekomak-eko37-cdvst-seperator-filtresi-mkn00917\/#primaryimage\"},\"thumbnailUrl\":\"https:\/\/www.sfsyedek.com\/wp-content\/uploads\/2023\/03\/eko-37SEP.jpg\",\"datePublished\":\"2023-03-31T23:48:08+00:00\",\"dateModified\":\"2024-09-07T21:49:45+00:00\",\"description\":\"EKOMAK 1630160719 ,EKOMAK EKO 37 SEPERATOR , EKOMAK EKO 45 , EKOMAK EKO 55 SEPERAT\u00d6R F\u0130LTRES\u0130 EKOMAK EKO 37CD , EKO 45CD VST SEPERAT\u00d6R F\u0130LTRES\u0130, EKOMAK EKO\",\"breadcrumb\":{\"@id\":\"https:\/\/www.sfsyedek.com\/index.php\/urun\/ekomak-eko-30-cdvst-separator-filtresi-1630160719-ekomak-eko37-cdvst-seperator-filtresi-mkn00917\/#breadcrumb\"},\"inLanguage\":\"tr\",\"potentialAction\":[{\"@type\":\"ReadAction\",\"target\":[\"https:\/\/www.sfsyedek.com\/index.php\/urun\/ekomak-eko-30-cdvst-separator-filtresi-1630160719-ekomak-eko37-cdvst-seperator-filtresi-mkn00917\/\"]}]},{\"@type\":\"ImageObject\",\"inLanguage\":\"tr\",\"@id\":\"https:\/\/www.sfsyedek.com\/index.php\/urun\/ekomak-eko-30-cdvst-separator-filtresi-1630160719-ekomak-eko37-cdvst-seperator-filtresi-mkn00917\/#primaryimage\",\"url\":\"https:\/\/www.sfsyedek.com\/wp-content\/uploads\/2023\/03\/eko-37SEP.jpg\",\"contentUrl\":\"https:\/\/www.sfsyedek.com\/wp-content\/uploads\/2023\/03\/eko-37SEP.jpg\",\"width\":689,\"height\":717},{\"@type\":\"BreadcrumbList\",\"@id\":\"https:\/\/www.sfsyedek.com\/index.php\/urun\/ekomak-eko-30-cdvst-separator-filtresi-1630160719-ekomak-eko37-cdvst-seperator-filtresi-mkn00917\/#breadcrumb\",\"itemListElement\":[{\"@type\":\"ListItem\",\"position\":1,\"name\":\"Anasayfa\",\"item\":\"https:\/\/www.sfsyedek.com\/\"},{\"@type\":\"ListItem\",\"position\":2,\"name\":\"Ma\u011faza\",\"item\":\"https:\/\/www.sfsyedek.com\/index.php\/magaza\/\"},{\"@type\":\"ListItem\",\"position\":3,\"name\":\"Ekomak EKO37 Seperat\u00f6r filtresi 1630160719\"}]},{\"@type\":\"WebSite\",\"@id\":\"https:\/\/www.sfsyedek.com\/#website\",\"url\":\"https:\/\/www.sfsyedek.com\/\",\"name\":\"SFS YEDEK\",\"description\":\"YEDEK PAR&Ccedil;A\",\"publisher\":{\"@id\":\"https:\/\/www.sfsyedek.com\/#organization\"},\"potentialAction\":[{\"@type\":\"SearchAction\",\"target\":{\"@type\":\"EntryPoint\",\"urlTemplate\":\"https:\/\/www.sfsyedek.com\/?s={search_term_string}\"},\"query-input\":{\"@type\":\"PropertyValueSpecification\",\"valueRequired\":true,\"valueName\":\"search_term_string\"}}],\"inLanguage\":\"tr\"},{\"@type\":\"Organization\",\"@id\":\"https:\/\/www.sfsyedek.com\/#organization\",\"name\":\"SFS YEDEK\",\"url\":\"https:\/\/www.sfsyedek.com\/\",\"logo\":{\"@type\":\"ImageObject\",\"inLanguage\":\"tr\",\"@id\":\"https:\/\/www.sfsyedek.com\/#\/schema\/logo\/image\/\",\"url\":\"https:\/\/www.sfsyedek.com\/wp-content\/uploads\/2024\/09\/cropped-cropped-90f0fd71-b5af-4f90-96d7-e70b973d623a-1-e1736365479160.jpg\",\"contentUrl\":\"https:\/\/www.sfsyedek.com\/wp-content\/uploads\/2024\/09\/cropped-cropped-90f0fd71-b5af-4f90-96d7-e70b973d623a-1-e1736365479160.jpg\",\"width\":115,\"height\":101,\"caption\":\"SFS YEDEK\"},\"image\":{\"@id\":\"https:\/\/www.sfsyedek.com\/#\/schema\/logo\/image\/\"}}]}<\/script>\n<!-- \/ Yoast SEO plugin. -->","yoast_head_json":{"title":"Ekomak EKO37 Seperat\u00f6r filtresi 1630160719 - SFS YEDEK","description":"EKOMAK 1630160719 ,EKOMAK EKO 37 SEPERATOR , EKOMAK EKO 45 , EKOMAK EKO 55 SEPERAT\u00d6R F\u0130LTRES\u0130 EKOMAK EKO 37CD , EKO 45CD VST SEPERAT\u00d6R F\u0130LTRES\u0130, EKOMAK EKO","robots":{"index":"index","follow":"follow","max-snippet":"max-snippet:-1","max-image-preview":"max-image-preview:large","max-video-preview":"max-video-preview:-1"},"canonical":"https:\/\/www.sfsyedek.com\/index.php\/urun\/ekomak-eko-30-cdvst-separator-filtresi-1630160719-ekomak-eko37-cdvst-seperator-filtresi-mkn00917\/","og_locale":"tr_TR","og_type":"article","og_title":"Ekomak EKO37 Seperat\u00f6r filtresi 1630160719 - SFS YEDEK","og_description":"EKOMAK 1630160719 ,EKOMAK EKO 37 SEPERATOR , EKOMAK EKO 45 , EKOMAK EKO 55 SEPERAT\u00d6R F\u0130LTRES\u0130 EKOMAK EKO 37CD , EKO 45CD VST SEPERAT\u00d6R F\u0130LTRES\u0130, EKOMAK EKO","og_url":"https:\/\/www.sfsyedek.com\/index.php\/urun\/ekomak-eko-30-cdvst-separator-filtresi-1630160719-ekomak-eko37-cdvst-seperator-filtresi-mkn00917\/","og_site_name":"SFS YEDEK","article_modified_time":"2024-09-07T21:49:45+00:00","og_image":[{"width":689,"height":717,"url":"https:\/\/www.sfsyedek.com\/wp-content\/uploads\/2023\/03\/eko-37SEP.jpg","type":"image\/jpeg"}],"twitter_card":"summary_large_image","twitter_misc":{"Tahmini okuma s\u00fcresi":"1 dakika"},"schema":{"@context":"https:\/\/schema.org","@graph":[{"@type":"WebPage","@id":"https:\/\/www.sfsyedek.com\/index.php\/urun\/ekomak-eko-30-cdvst-separator-filtresi-1630160719-ekomak-eko37-cdvst-seperator-filtresi-mkn00917\/","url":"https:\/\/www.sfsyedek.com\/index.php\/urun\/ekomak-eko-30-cdvst-separator-filtresi-1630160719-ekomak-eko37-cdvst-seperator-filtresi-mkn00917\/","name":"Ekomak EKO37 Seperat\u00f6r filtresi 1630160719 - SFS YEDEK","isPartOf":{"@id":"https:\/\/www.sfsyedek.com\/#website"},"primaryImageOfPage":{"@id":"https:\/\/www.sfsyedek.com\/index.php\/urun\/ekomak-eko-30-cdvst-separator-filtresi-1630160719-ekomak-eko37-cdvst-seperator-filtresi-mkn00917\/#primaryimage"},"image":{"@id":"https:\/\/www.sfsyedek.com\/index.php\/urun\/ekomak-eko-30-cdvst-separator-filtresi-1630160719-ekomak-eko37-cdvst-seperator-filtresi-mkn00917\/#primaryimage"},"thumbnailUrl":"https:\/\/www.sfsyedek.com\/wp-content\/uploads\/2023\/03\/eko-37SEP.jpg","datePublished":"2023-03-31T23:48:08+00:00","dateModified":"2024-09-07T21:49:45+00:00","description":"EKOMAK 1630160719 ,EKOMAK EKO 37 SEPERATOR , EKOMAK EKO 45 , EKOMAK EKO 55 SEPERAT\u00d6R F\u0130LTRES\u0130 EKOMAK EKO 37CD , EKO 45CD VST SEPERAT\u00d6R F\u0130LTRES\u0130, EKOMAK EKO","breadcrumb":{"@id":"https:\/\/www.sfsyedek.com\/index.php\/urun\/ekomak-eko-30-cdvst-separator-filtresi-1630160719-ekomak-eko37-cdvst-seperator-filtresi-mkn00917\/#breadcrumb"},"inLanguage":"tr","potentialAction":[{"@type":"ReadAction","target":["https:\/\/www.sfsyedek.com\/index.php\/urun\/ekomak-eko-30-cdvst-separator-filtresi-1630160719-ekomak-eko37-cdvst-seperator-filtresi-mkn00917\/"]}]},{"@type":"ImageObject","inLanguage":"tr","@id":"https:\/\/www.sfsyedek.com\/index.php\/urun\/ekomak-eko-30-cdvst-separator-filtresi-1630160719-ekomak-eko37-cdvst-seperator-filtresi-mkn00917\/#primaryimage","url":"https:\/\/www.sfsyedek.com\/wp-content\/uploads\/2023\/03\/eko-37SEP.jpg","contentUrl":"https:\/\/www.sfsyedek.com\/wp-content\/uploads\/2023\/03\/eko-37SEP.jpg","width":689,"height":717},{"@type":"BreadcrumbList","@id":"https:\/\/www.sfsyedek.com\/index.php\/urun\/ekomak-eko-30-cdvst-separator-filtresi-1630160719-ekomak-eko37-cdvst-seperator-filtresi-mkn00917\/#breadcrumb","itemListElement":[{"@type":"ListItem","position":1,"name":"Anasayfa","item":"https:\/\/www.sfsyedek.com\/"},{"@type":"ListItem","position":2,"name":"Ma\u011faza","item":"https:\/\/www.sfsyedek.com\/index.php\/magaza\/"},{"@type":"ListItem","position":3,"name":"Ekomak EKO37 Seperat\u00f6r filtresi 1630160719"}]},{"@type":"WebSite","@id":"https:\/\/www.sfsyedek.com\/#website","url":"https:\/\/www.sfsyedek.com\/","name":"SFS YEDEK","description":"YEDEK PAR&Ccedil;A","publisher":{"@id":"https:\/\/www.sfsyedek.com\/#organization"},"potentialAction":[{"@type":"SearchAction","target":{"@type":"EntryPoint","urlTemplate":"https:\/\/www.sfsyedek.com\/?s={search_term_string}"},"query-input":{"@type":"PropertyValueSpecification","valueRequired":true,"valueName":"search_term_string"}}],"inLanguage":"tr"},{"@type":"Organization","@id":"https:\/\/www.sfsyedek.com\/#organization","name":"SFS YEDEK","url":"https:\/\/www.sfsyedek.com\/","logo":{"@type":"ImageObject","inLanguage":"tr","@id":"https:\/\/www.sfsyedek.com\/#\/schema\/logo\/image\/","url":"https:\/\/www.sfsyedek.com\/wp-content\/uploads\/2024\/09\/cropped-cropped-90f0fd71-b5af-4f90-96d7-e70b973d623a-1-e1736365479160.jpg","contentUrl":"https:\/\/www.sfsyedek.com\/wp-content\/uploads\/2024\/09\/cropped-cropped-90f0fd71-b5af-4f90-96d7-e70b973d623a-1-e1736365479160.jpg","width":115,"height":101,"caption":"SFS YEDEK"},"image":{"@id":"https:\/\/www.sfsyedek.com\/#\/schema\/logo\/image\/"}}]}},"jetpack_sharing_enabled":true,"_links":{"self":[{"href":"https:\/\/www.sfsyedek.com\/index.php\/wp-json\/wp\/v2\/product\/292","targetHints":{"allow":["GET"]}}],"collection":[{"href":"https:\/\/www.sfsyedek.com\/index.php\/wp-json\/wp\/v2\/product"}],"about":[{"href":"https:\/\/www.sfsyedek.com\/index.php\/wp-json\/wp\/v2\/types\/product"}],"replies":[{"embeddable":true,"href":"https:\/\/www.sfsyedek.com\/index.php\/wp-json\/wp\/v2\/comments?post=292"}],"wp:featuredmedia":[{"embeddable":true,"href":"https:\/\/www.sfsyedek.com\/index.php\/wp-json\/wp\/v2\/media\/303"}],"wp:attachment":[{"href":"https:\/\/www.sfsyedek.com\/index.php\/wp-json\/wp\/v2\/media?parent=292"}],"wp:term":[{"taxonomy":"product_brand","embeddable":true,"href":"https:\/\/www.sfsyedek.com\/index.php\/wp-json\/wp\/v2\/product_brand?post=292"},{"taxonomy":"product_cat","embeddable":true,"href":"https:\/\/www.sfsyedek.com\/index.php\/wp-json\/wp\/v2\/product_cat?post=292"},{"taxonomy":"product_tag","embeddable":true,"href":"https:\/\/www.sfsyedek.com\/index.php\/wp-json\/wp\/v2\/product_tag?post=292"}],"curies":[{"name":"wp","href":"https:\/\/api.w.org\/{rel}","templated":true}]}}