{"id":663,"date":"2025-01-19T23:14:09","date_gmt":"2025-01-19T23:14:09","guid":{"rendered":"https:\/\/www.sfsyedek.com\/?post_type=product&#038;p=663"},"modified":"2025-01-19T23:15:16","modified_gmt":"2025-01-19T23:15:16","slug":"mikropor-msd1046-seperator-filtresi","status":"publish","type":"product","link":"https:\/\/www.sfsyedek.com\/index.php\/urun\/mikropor-msd1046-seperator-filtresi\/","title":{"rendered":"Mikropor MSD1046 Seperat\u00f6r Filtresi"},"content":{"rendered":"<p>ATLAS COPCO 1202641400<\/p>\n<p>ATLAS COPCO 290006100<\/p>\n<p>ATLAS COPCO GA 30 (1994-2012)<\/p>\n<p>ATLAS COPCO GA 37 (1994-2012)<\/p>\n<p>&nbsp;<\/p>\n","protected":false},"excerpt":{"rendered":"<p>&nbsp;<\/p>\n<p>FLEETGUARD AS2390<\/p>\n<p>SOTRAS DC3032 &#8211;<\/p>\n<p>SOTRAS DC3324<\/p>\n<p>SOTRAS DC3130<\/p>\n<p>NOITECH NS003230<\/p>\n<p>FAIFILTRI DFF17030504<\/p>\n<p>KELTEC KV140009<\/p>\n<p>F\u0130LSAN FS505D<\/p>\n<p>&nbsp;<\/p>\n<p>&nbsp;<\/p>\n","protected":false},"featured_media":184,"comment_status":"open","ping_status":"closed","template":"","meta":[],"product_brand":[],"product_cat":[63],"product_tag":[70,72,71],"class_list":{"0":"post-663","1":"product","2":"type-product","3":"status-publish","4":"has-post-thumbnail","6":"product_cat-seperator-filtresi","7":"product_tag-atlas-copco-ga30-seperator-filtresi","8":"product_tag-atlas-copco-ga37-muadil-seperator-filtresi","9":"product_tag-mikropor-msd1046-seperator-filtresi","11":"first","12":"instock","13":"taxable","14":"shipping-taxable","15":"purchasable","16":"product-type-simple"},"yoast_head":"<!-- This site is optimized with the Yoast SEO plugin v25.3.1 - https:\/\/yoast.com\/wordpress\/plugins\/seo\/ -->\n<title>Mikropor MSD1046 Seperat\u00f6r Filtresi - SFS YEDEK<\/title>\n<meta name=\"description\" content=\"Atlas copco GA30 - GA37 kompres\u00f6r muadil seperat\u00f6r filtresi .ga 30 ga 37 seperat\u00f6r filtresi, Mikropor seperat\u00f6r filtresi MSD1046\" \/>\n<meta name=\"robots\" content=\"index, follow, max-snippet:-1, max-image-preview:large, max-video-preview:-1\" \/>\n<link rel=\"canonical\" href=\"https:\/\/www.sfsyedek.com\/index.php\/urun\/mikropor-msd1046-seperator-filtresi\/\" \/>\n<meta property=\"og:locale\" content=\"tr_TR\" \/>\n<meta property=\"og:type\" content=\"article\" \/>\n<meta property=\"og:title\" content=\"Mikropor MSD1046 Seperat\u00f6r Filtresi - SFS YEDEK\" \/>\n<meta property=\"og:description\" content=\"Atlas copco GA30 - GA37 kompres\u00f6r muadil seperat\u00f6r filtresi .ga 30 ga 37 seperat\u00f6r filtresi, Mikropor seperat\u00f6r filtresi MSD1046\" \/>\n<meta property=\"og:url\" content=\"https:\/\/www.sfsyedek.com\/index.php\/urun\/mikropor-msd1046-seperator-filtresi\/\" \/>\n<meta property=\"og:site_name\" content=\"SFS YEDEK\" \/>\n<meta property=\"article:modified_time\" content=\"2025-01-19T23:15:16+00:00\" \/>\n<meta property=\"og:image\" content=\"https:\/\/www.sfsyedek.com\/wp-content\/uploads\/2023\/02\/eko-22.webp\" \/>\n\t<meta property=\"og:image:width\" content=\"320\" \/>\n\t<meta property=\"og:image:height\" content=\"320\" \/>\n\t<meta property=\"og:image:type\" content=\"image\/webp\" \/>\n<meta name=\"twitter:card\" content=\"summary_large_image\" \/>\n<meta name=\"twitter:label1\" content=\"Tahmini okuma s\u00fcresi\" \/>\n\t<meta name=\"twitter:data1\" content=\"1 dakika\" \/>\n<script type=\"application\/ld+json\" class=\"yoast-schema-graph\">{\"@context\":\"https:\/\/schema.org\",\"@graph\":[{\"@type\":\"WebPage\",\"@id\":\"https:\/\/www.sfsyedek.com\/index.php\/urun\/mikropor-msd1046-seperator-filtresi\/\",\"url\":\"https:\/\/www.sfsyedek.com\/index.php\/urun\/mikropor-msd1046-seperator-filtresi\/\",\"name\":\"Mikropor MSD1046 Seperat\u00f6r Filtresi - SFS YEDEK\",\"isPartOf\":{\"@id\":\"https:\/\/www.sfsyedek.com\/#website\"},\"primaryImageOfPage\":{\"@id\":\"https:\/\/www.sfsyedek.com\/index.php\/urun\/mikropor-msd1046-seperator-filtresi\/#primaryimage\"},\"image\":{\"@id\":\"https:\/\/www.sfsyedek.com\/index.php\/urun\/mikropor-msd1046-seperator-filtresi\/#primaryimage\"},\"thumbnailUrl\":\"https:\/\/www.sfsyedek.com\/wp-content\/uploads\/2023\/02\/eko-22.webp\",\"datePublished\":\"2025-01-19T23:14:09+00:00\",\"dateModified\":\"2025-01-19T23:15:16+00:00\",\"description\":\"Atlas copco GA30 - GA37 kompres\u00f6r muadil seperat\u00f6r filtresi .ga 30 ga 37 seperat\u00f6r filtresi, Mikropor seperat\u00f6r filtresi MSD1046\",\"breadcrumb\":{\"@id\":\"https:\/\/www.sfsyedek.com\/index.php\/urun\/mikropor-msd1046-seperator-filtresi\/#breadcrumb\"},\"inLanguage\":\"tr\",\"potentialAction\":[{\"@type\":\"ReadAction\",\"target\":[\"https:\/\/www.sfsyedek.com\/index.php\/urun\/mikropor-msd1046-seperator-filtresi\/\"]}]},{\"@type\":\"ImageObject\",\"inLanguage\":\"tr\",\"@id\":\"https:\/\/www.sfsyedek.com\/index.php\/urun\/mikropor-msd1046-seperator-filtresi\/#primaryimage\",\"url\":\"https:\/\/www.sfsyedek.com\/wp-content\/uploads\/2023\/02\/eko-22.webp\",\"contentUrl\":\"https:\/\/www.sfsyedek.com\/wp-content\/uploads\/2023\/02\/eko-22.webp\",\"width\":320,\"height\":320},{\"@type\":\"BreadcrumbList\",\"@id\":\"https:\/\/www.sfsyedek.com\/index.php\/urun\/mikropor-msd1046-seperator-filtresi\/#breadcrumb\",\"itemListElement\":[{\"@type\":\"ListItem\",\"position\":1,\"name\":\"Anasayfa\",\"item\":\"https:\/\/www.sfsyedek.com\/\"},{\"@type\":\"ListItem\",\"position\":2,\"name\":\"Ma\u011faza\",\"item\":\"https:\/\/www.sfsyedek.com\/index.php\/magaza\/\"},{\"@type\":\"ListItem\",\"position\":3,\"name\":\"Mikropor MSD1046 Seperat\u00f6r Filtresi\"}]},{\"@type\":\"WebSite\",\"@id\":\"https:\/\/www.sfsyedek.com\/#website\",\"url\":\"https:\/\/www.sfsyedek.com\/\",\"name\":\"SFS YEDEK\",\"description\":\"YEDEK PAR&Ccedil;A\",\"publisher\":{\"@id\":\"https:\/\/www.sfsyedek.com\/#organization\"},\"potentialAction\":[{\"@type\":\"SearchAction\",\"target\":{\"@type\":\"EntryPoint\",\"urlTemplate\":\"https:\/\/www.sfsyedek.com\/?s={search_term_string}\"},\"query-input\":{\"@type\":\"PropertyValueSpecification\",\"valueRequired\":true,\"valueName\":\"search_term_string\"}}],\"inLanguage\":\"tr\"},{\"@type\":\"Organization\",\"@id\":\"https:\/\/www.sfsyedek.com\/#organization\",\"name\":\"SFS YEDEK\",\"url\":\"https:\/\/www.sfsyedek.com\/\",\"logo\":{\"@type\":\"ImageObject\",\"inLanguage\":\"tr\",\"@id\":\"https:\/\/www.sfsyedek.com\/#\/schema\/logo\/image\/\",\"url\":\"https:\/\/www.sfsyedek.com\/wp-content\/uploads\/2024\/09\/cropped-cropped-90f0fd71-b5af-4f90-96d7-e70b973d623a-1-e1736365479160.jpg\",\"contentUrl\":\"https:\/\/www.sfsyedek.com\/wp-content\/uploads\/2024\/09\/cropped-cropped-90f0fd71-b5af-4f90-96d7-e70b973d623a-1-e1736365479160.jpg\",\"width\":115,\"height\":101,\"caption\":\"SFS YEDEK\"},\"image\":{\"@id\":\"https:\/\/www.sfsyedek.com\/#\/schema\/logo\/image\/\"}}]}<\/script>\n<!-- \/ Yoast SEO plugin. -->","yoast_head_json":{"title":"Mikropor MSD1046 Seperat\u00f6r Filtresi - SFS YEDEK","description":"Atlas copco GA30 - GA37 kompres\u00f6r muadil seperat\u00f6r filtresi .ga 30 ga 37 seperat\u00f6r filtresi, Mikropor seperat\u00f6r filtresi MSD1046","robots":{"index":"index","follow":"follow","max-snippet":"max-snippet:-1","max-image-preview":"max-image-preview:large","max-video-preview":"max-video-preview:-1"},"canonical":"https:\/\/www.sfsyedek.com\/index.php\/urun\/mikropor-msd1046-seperator-filtresi\/","og_locale":"tr_TR","og_type":"article","og_title":"Mikropor MSD1046 Seperat\u00f6r Filtresi - SFS YEDEK","og_description":"Atlas copco GA30 - GA37 kompres\u00f6r muadil seperat\u00f6r filtresi .ga 30 ga 37 seperat\u00f6r filtresi, Mikropor seperat\u00f6r filtresi MSD1046","og_url":"https:\/\/www.sfsyedek.com\/index.php\/urun\/mikropor-msd1046-seperator-filtresi\/","og_site_name":"SFS YEDEK","article_modified_time":"2025-01-19T23:15:16+00:00","og_image":[{"width":320,"height":320,"url":"https:\/\/www.sfsyedek.com\/wp-content\/uploads\/2023\/02\/eko-22.webp","type":"image\/webp"}],"twitter_card":"summary_large_image","twitter_misc":{"Tahmini okuma s\u00fcresi":"1 dakika"},"schema":{"@context":"https:\/\/schema.org","@graph":[{"@type":"WebPage","@id":"https:\/\/www.sfsyedek.com\/index.php\/urun\/mikropor-msd1046-seperator-filtresi\/","url":"https:\/\/www.sfsyedek.com\/index.php\/urun\/mikropor-msd1046-seperator-filtresi\/","name":"Mikropor MSD1046 Seperat\u00f6r Filtresi - SFS YEDEK","isPartOf":{"@id":"https:\/\/www.sfsyedek.com\/#website"},"primaryImageOfPage":{"@id":"https:\/\/www.sfsyedek.com\/index.php\/urun\/mikropor-msd1046-seperator-filtresi\/#primaryimage"},"image":{"@id":"https:\/\/www.sfsyedek.com\/index.php\/urun\/mikropor-msd1046-seperator-filtresi\/#primaryimage"},"thumbnailUrl":"https:\/\/www.sfsyedek.com\/wp-content\/uploads\/2023\/02\/eko-22.webp","datePublished":"2025-01-19T23:14:09+00:00","dateModified":"2025-01-19T23:15:16+00:00","description":"Atlas copco GA30 - GA37 kompres\u00f6r muadil seperat\u00f6r filtresi .ga 30 ga 37 seperat\u00f6r filtresi, Mikropor seperat\u00f6r filtresi MSD1046","breadcrumb":{"@id":"https:\/\/www.sfsyedek.com\/index.php\/urun\/mikropor-msd1046-seperator-filtresi\/#breadcrumb"},"inLanguage":"tr","potentialAction":[{"@type":"ReadAction","target":["https:\/\/www.sfsyedek.com\/index.php\/urun\/mikropor-msd1046-seperator-filtresi\/"]}]},{"@type":"ImageObject","inLanguage":"tr","@id":"https:\/\/www.sfsyedek.com\/index.php\/urun\/mikropor-msd1046-seperator-filtresi\/#primaryimage","url":"https:\/\/www.sfsyedek.com\/wp-content\/uploads\/2023\/02\/eko-22.webp","contentUrl":"https:\/\/www.sfsyedek.com\/wp-content\/uploads\/2023\/02\/eko-22.webp","width":320,"height":320},{"@type":"BreadcrumbList","@id":"https:\/\/www.sfsyedek.com\/index.php\/urun\/mikropor-msd1046-seperator-filtresi\/#breadcrumb","itemListElement":[{"@type":"ListItem","position":1,"name":"Anasayfa","item":"https:\/\/www.sfsyedek.com\/"},{"@type":"ListItem","position":2,"name":"Ma\u011faza","item":"https:\/\/www.sfsyedek.com\/index.php\/magaza\/"},{"@type":"ListItem","position":3,"name":"Mikropor MSD1046 Seperat\u00f6r Filtresi"}]},{"@type":"WebSite","@id":"https:\/\/www.sfsyedek.com\/#website","url":"https:\/\/www.sfsyedek.com\/","name":"SFS YEDEK","description":"YEDEK PAR&Ccedil;A","publisher":{"@id":"https:\/\/www.sfsyedek.com\/#organization"},"potentialAction":[{"@type":"SearchAction","target":{"@type":"EntryPoint","urlTemplate":"https:\/\/www.sfsyedek.com\/?s={search_term_string}"},"query-input":{"@type":"PropertyValueSpecification","valueRequired":true,"valueName":"search_term_string"}}],"inLanguage":"tr"},{"@type":"Organization","@id":"https:\/\/www.sfsyedek.com\/#organization","name":"SFS YEDEK","url":"https:\/\/www.sfsyedek.com\/","logo":{"@type":"ImageObject","inLanguage":"tr","@id":"https:\/\/www.sfsyedek.com\/#\/schema\/logo\/image\/","url":"https:\/\/www.sfsyedek.com\/wp-content\/uploads\/2024\/09\/cropped-cropped-90f0fd71-b5af-4f90-96d7-e70b973d623a-1-e1736365479160.jpg","contentUrl":"https:\/\/www.sfsyedek.com\/wp-content\/uploads\/2024\/09\/cropped-cropped-90f0fd71-b5af-4f90-96d7-e70b973d623a-1-e1736365479160.jpg","width":115,"height":101,"caption":"SFS YEDEK"},"image":{"@id":"https:\/\/www.sfsyedek.com\/#\/schema\/logo\/image\/"}}]}},"jetpack_sharing_enabled":true,"_links":{"self":[{"href":"https:\/\/www.sfsyedek.com\/index.php\/wp-json\/wp\/v2\/product\/663","targetHints":{"allow":["GET"]}}],"collection":[{"href":"https:\/\/www.sfsyedek.com\/index.php\/wp-json\/wp\/v2\/product"}],"about":[{"href":"https:\/\/www.sfsyedek.com\/index.php\/wp-json\/wp\/v2\/types\/product"}],"replies":[{"embeddable":true,"href":"https:\/\/www.sfsyedek.com\/index.php\/wp-json\/wp\/v2\/comments?post=663"}],"wp:featuredmedia":[{"embeddable":true,"href":"https:\/\/www.sfsyedek.com\/index.php\/wp-json\/wp\/v2\/media\/184"}],"wp:attachment":[{"href":"https:\/\/www.sfsyedek.com\/index.php\/wp-json\/wp\/v2\/media?parent=663"}],"wp:term":[{"taxonomy":"product_brand","embeddable":true,"href":"https:\/\/www.sfsyedek.com\/index.php\/wp-json\/wp\/v2\/product_brand?post=663"},{"taxonomy":"product_cat","embeddable":true,"href":"https:\/\/www.sfsyedek.com\/index.php\/wp-json\/wp\/v2\/product_cat?post=663"},{"taxonomy":"product_tag","embeddable":true,"href":"https:\/\/www.sfsyedek.com\/index.php\/wp-json\/wp\/v2\/product_tag?post=663"}],"curies":[{"name":"wp","href":"https:\/\/api.w.org\/{rel}","templated":true}]}}