{"id":673,"date":"2025-01-29T20:42:48","date_gmt":"2025-01-29T20:42:48","guid":{"rendered":"https:\/\/www.sfsyedek.com\/?post_type=product&#038;p=673"},"modified":"2025-01-29T20:48:09","modified_gmt":"2025-01-29T20:48:09","slug":"dalgakiran-11000965-seperator-filtresi","status":"publish","type":"product","link":"https:\/\/www.sfsyedek.com\/index.php\/urun\/dalgakiran-11000965-seperator-filtresi\/","title":{"rendered":"Dalgakiran 11000965 Seperat\u00f6r Filtresi"},"content":{"rendered":"<p><a href=\"https:\/\/www.sfsyedek.com\/wp-content\/uploads\/2025\/01\/109273970_w600_h600_109273970-e1738182828587.webp\"><img fetchpriority=\"high\" decoding=\"async\" class=\"alignnone size-medium wp-image-674 alignleft\" src=\"https:\/\/www.sfsyedek.com\/wp-content\/uploads\/2025\/01\/109273970_w600_h600_109273970-e1738182828587-300x217.webp\" alt=\"\" width=\"300\" height=\"217\" srcset=\"https:\/\/www.sfsyedek.com\/wp-content\/uploads\/2025\/01\/109273970_w600_h600_109273970-e1738182828587-300x217.webp 300w, https:\/\/www.sfsyedek.com\/wp-content\/uploads\/2025\/01\/109273970_w600_h600_109273970-e1738182828587-500x362.webp 500w, https:\/\/www.sfsyedek.com\/wp-content\/uploads\/2025\/01\/109273970_w600_h600_109273970-e1738182828587.webp 600w\" sizes=\"(max-width: 300px) 100vw, 300px\" \/>DALGAKIRAN KOMPRES\u00d6R\u00a0<\/a><\/p>\n<p>11000965 SEPERATOR F\u0130LTRES\u0130<\/p>\n<p>1311127401 SEPERATOR F\u0130LTRES\u0130<\/p>\n<p>1311127434 SEPERATOR F\u0130LTRES\u0130<\/p>\n<p>DALGAKIRAN TIDY 20 SEPERAT\u00d6R F\u0130LTRES\u0130<\/p>\n<p>DALGAKIRAN TIDY 25 SEPERATOR F\u0130LTRES\u0130<\/p>\n<p>DALGAKIRAN TIDY 40 SEPERATOR F\u0130LTRES\u0130<\/p>\n<p>&nbsp;<\/p>\n","protected":false},"excerpt":{"rendered":"<p style=\"text-align: left;\"><a href=\"https:\/\/www.sfsyedek.com\/wp-content\/uploads\/2025\/01\/109274188_w600_h600_109274188.webp\"><img decoding=\"async\" class=\"alignnone size-medium wp-image-676\" src=\"https:\/\/www.sfsyedek.com\/wp-content\/uploads\/2025\/01\/109274188_w600_h600_109274188-251x300.webp\" alt=\"\" width=\"251\" height=\"300\" srcset=\"https:\/\/www.sfsyedek.com\/wp-content\/uploads\/2025\/01\/109274188_w600_h600_109274188-251x300.webp 251w, https:\/\/www.sfsyedek.com\/wp-content\/uploads\/2025\/01\/109274188_w600_h600_109274188-300x359.webp 300w, https:\/\/www.sfsyedek.com\/wp-content\/uploads\/2025\/01\/109274188_w600_h600_109274188.webp 400w\" sizes=\"(max-width: 251px) 100vw, 251px\" \/><\/a><\/p>\n<p style=\"text-align: left;\"><a href=\"https:\/\/www.sfsyedek.com\/wp-content\/uploads\/2025\/01\/109273970_w600_h600_109273970-e1738182828587.webp\">DAL<\/a><a href=\"https:\/\/www.sfsyedek.com\/wp-content\/uploads\/2025\/01\/109273970_w600_h600_109273970-e1738182828587.webp\">GAKIRAN KOMPRES\u00d6R\u00a0<\/a><\/p>\n<p>11000965 SEPERATOR F\u0130LTRES\u0130<\/p>\n<p>1311127401 SEPERATOR F\u0130LTRES\u0130<\/p>\n<p>1311127434 SEPERATOR F\u0130LTRES\u0130<\/p>\n<p>DALGAKIRAN TIDY 20 SEPERAT\u00d6R F\u0130LTRES\u0130<\/p>\n<p>DALGAKIRAN TIDY 25 SEPERATOR F\u0130LTRES\u0130<\/p>\n<p style=\"text-align: left;\">DALGAKIRAN TIDY 40 SEPERATOR F\u0130LTRES\u0130<\/p>\n","protected":false},"featured_media":676,"comment_status":"open","ping_status":"closed","template":"","meta":[],"product_brand":[],"product_cat":[63],"product_tag":[74,73,75],"class_list":{"0":"post-673","1":"product","2":"type-product","3":"status-publish","4":"has-post-thumbnail","6":"product_cat-seperator-filtresi","7":"product_tag-74","8":"product_tag-73","9":"product_tag-tidy-20-seperator-filtresi","11":"first","12":"instock","13":"taxable","14":"shipping-taxable","15":"purchasable","16":"product-type-simple"},"yoast_head":"<!-- This site is optimized with the Yoast SEO plugin v25.3.1 - https:\/\/yoast.com\/wordpress\/plugins\/seo\/ -->\n<title>Dalgakiran 11000965 Seperat\u00f6r Filtresi - SFS YEDEK<\/title>\n<meta name=\"description\" content=\"Dalgak\u0131ran 11000965 Seperat\u00f6r filtresi, Dalgak\u0131ran TIDY 20 Seperat\u00f6r filtresi, 1311127434 Separator filtre, dalgak\u0131ran hava filtresi, dalgak\u0131ran ya\u011f filtres\" \/>\n<meta name=\"robots\" content=\"index, follow, max-snippet:-1, max-image-preview:large, max-video-preview:-1\" \/>\n<link rel=\"canonical\" href=\"https:\/\/www.sfsyedek.com\/index.php\/urun\/dalgakiran-11000965-seperator-filtresi\/\" \/>\n<meta property=\"og:locale\" content=\"tr_TR\" \/>\n<meta property=\"og:type\" content=\"article\" \/>\n<meta property=\"og:title\" content=\"Dalgakiran 11000965 Seperat\u00f6r Filtresi - SFS YEDEK\" \/>\n<meta property=\"og:description\" content=\"Dalgak\u0131ran 11000965 Seperat\u00f6r filtresi, Dalgak\u0131ran TIDY 20 Seperat\u00f6r filtresi, 1311127434 Separator filtre, dalgak\u0131ran hava filtresi, dalgak\u0131ran ya\u011f filtres\" \/>\n<meta property=\"og:url\" content=\"https:\/\/www.sfsyedek.com\/index.php\/urun\/dalgakiran-11000965-seperator-filtresi\/\" \/>\n<meta property=\"og:site_name\" content=\"SFS YEDEK\" \/>\n<meta property=\"article:modified_time\" content=\"2025-01-29T20:48:09+00:00\" \/>\n<meta property=\"og:image\" content=\"https:\/\/www.sfsyedek.com\/wp-content\/uploads\/2025\/01\/109274188_w600_h600_109274188.webp\" \/>\n\t<meta property=\"og:image:width\" content=\"400\" \/>\n\t<meta property=\"og:image:height\" content=\"479\" \/>\n\t<meta property=\"og:image:type\" content=\"image\/webp\" \/>\n<meta name=\"twitter:card\" content=\"summary_large_image\" \/>\n<meta name=\"twitter:label1\" content=\"Tahmini okuma s\u00fcresi\" \/>\n\t<meta name=\"twitter:data1\" content=\"1 dakika\" \/>\n<script type=\"application\/ld+json\" class=\"yoast-schema-graph\">{\"@context\":\"https:\/\/schema.org\",\"@graph\":[{\"@type\":\"WebPage\",\"@id\":\"https:\/\/www.sfsyedek.com\/index.php\/urun\/dalgakiran-11000965-seperator-filtresi\/\",\"url\":\"https:\/\/www.sfsyedek.com\/index.php\/urun\/dalgakiran-11000965-seperator-filtresi\/\",\"name\":\"Dalgakiran 11000965 Seperat\u00f6r Filtresi - SFS YEDEK\",\"isPartOf\":{\"@id\":\"https:\/\/www.sfsyedek.com\/#website\"},\"primaryImageOfPage\":{\"@id\":\"https:\/\/www.sfsyedek.com\/index.php\/urun\/dalgakiran-11000965-seperator-filtresi\/#primaryimage\"},\"image\":{\"@id\":\"https:\/\/www.sfsyedek.com\/index.php\/urun\/dalgakiran-11000965-seperator-filtresi\/#primaryimage\"},\"thumbnailUrl\":\"https:\/\/www.sfsyedek.com\/wp-content\/uploads\/2025\/01\/109274188_w600_h600_109274188.webp\",\"datePublished\":\"2025-01-29T20:42:48+00:00\",\"dateModified\":\"2025-01-29T20:48:09+00:00\",\"description\":\"Dalgak\u0131ran 11000965 Seperat\u00f6r filtresi, Dalgak\u0131ran TIDY 20 Seperat\u00f6r filtresi, 1311127434 Separator filtre, dalgak\u0131ran hava filtresi, dalgak\u0131ran ya\u011f filtres\",\"breadcrumb\":{\"@id\":\"https:\/\/www.sfsyedek.com\/index.php\/urun\/dalgakiran-11000965-seperator-filtresi\/#breadcrumb\"},\"inLanguage\":\"tr\",\"potentialAction\":[{\"@type\":\"ReadAction\",\"target\":[\"https:\/\/www.sfsyedek.com\/index.php\/urun\/dalgakiran-11000965-seperator-filtresi\/\"]}]},{\"@type\":\"ImageObject\",\"inLanguage\":\"tr\",\"@id\":\"https:\/\/www.sfsyedek.com\/index.php\/urun\/dalgakiran-11000965-seperator-filtresi\/#primaryimage\",\"url\":\"https:\/\/www.sfsyedek.com\/wp-content\/uploads\/2025\/01\/109274188_w600_h600_109274188.webp\",\"contentUrl\":\"https:\/\/www.sfsyedek.com\/wp-content\/uploads\/2025\/01\/109274188_w600_h600_109274188.webp\",\"width\":400,\"height\":479},{\"@type\":\"BreadcrumbList\",\"@id\":\"https:\/\/www.sfsyedek.com\/index.php\/urun\/dalgakiran-11000965-seperator-filtresi\/#breadcrumb\",\"itemListElement\":[{\"@type\":\"ListItem\",\"position\":1,\"name\":\"Anasayfa\",\"item\":\"https:\/\/www.sfsyedek.com\/\"},{\"@type\":\"ListItem\",\"position\":2,\"name\":\"Ma\u011faza\",\"item\":\"https:\/\/www.sfsyedek.com\/index.php\/magaza\/\"},{\"@type\":\"ListItem\",\"position\":3,\"name\":\"Dalgakiran 11000965 Seperat\u00f6r Filtresi\"}]},{\"@type\":\"WebSite\",\"@id\":\"https:\/\/www.sfsyedek.com\/#website\",\"url\":\"https:\/\/www.sfsyedek.com\/\",\"name\":\"SFS YEDEK\",\"description\":\"YEDEK PAR&Ccedil;A\",\"publisher\":{\"@id\":\"https:\/\/www.sfsyedek.com\/#organization\"},\"potentialAction\":[{\"@type\":\"SearchAction\",\"target\":{\"@type\":\"EntryPoint\",\"urlTemplate\":\"https:\/\/www.sfsyedek.com\/?s={search_term_string}\"},\"query-input\":{\"@type\":\"PropertyValueSpecification\",\"valueRequired\":true,\"valueName\":\"search_term_string\"}}],\"inLanguage\":\"tr\"},{\"@type\":\"Organization\",\"@id\":\"https:\/\/www.sfsyedek.com\/#organization\",\"name\":\"SFS YEDEK\",\"url\":\"https:\/\/www.sfsyedek.com\/\",\"logo\":{\"@type\":\"ImageObject\",\"inLanguage\":\"tr\",\"@id\":\"https:\/\/www.sfsyedek.com\/#\/schema\/logo\/image\/\",\"url\":\"https:\/\/www.sfsyedek.com\/wp-content\/uploads\/2024\/09\/cropped-cropped-90f0fd71-b5af-4f90-96d7-e70b973d623a-1-e1736365479160.jpg\",\"contentUrl\":\"https:\/\/www.sfsyedek.com\/wp-content\/uploads\/2024\/09\/cropped-cropped-90f0fd71-b5af-4f90-96d7-e70b973d623a-1-e1736365479160.jpg\",\"width\":115,\"height\":101,\"caption\":\"SFS YEDEK\"},\"image\":{\"@id\":\"https:\/\/www.sfsyedek.com\/#\/schema\/logo\/image\/\"}}]}<\/script>\n<!-- \/ Yoast SEO plugin. -->","yoast_head_json":{"title":"Dalgakiran 11000965 Seperat\u00f6r Filtresi - SFS YEDEK","description":"Dalgak\u0131ran 11000965 Seperat\u00f6r filtresi, Dalgak\u0131ran TIDY 20 Seperat\u00f6r filtresi, 1311127434 Separator filtre, dalgak\u0131ran hava filtresi, dalgak\u0131ran ya\u011f filtres","robots":{"index":"index","follow":"follow","max-snippet":"max-snippet:-1","max-image-preview":"max-image-preview:large","max-video-preview":"max-video-preview:-1"},"canonical":"https:\/\/www.sfsyedek.com\/index.php\/urun\/dalgakiran-11000965-seperator-filtresi\/","og_locale":"tr_TR","og_type":"article","og_title":"Dalgakiran 11000965 Seperat\u00f6r Filtresi - SFS YEDEK","og_description":"Dalgak\u0131ran 11000965 Seperat\u00f6r filtresi, Dalgak\u0131ran TIDY 20 Seperat\u00f6r filtresi, 1311127434 Separator filtre, dalgak\u0131ran hava filtresi, dalgak\u0131ran ya\u011f filtres","og_url":"https:\/\/www.sfsyedek.com\/index.php\/urun\/dalgakiran-11000965-seperator-filtresi\/","og_site_name":"SFS YEDEK","article_modified_time":"2025-01-29T20:48:09+00:00","og_image":[{"width":400,"height":479,"url":"https:\/\/www.sfsyedek.com\/wp-content\/uploads\/2025\/01\/109274188_w600_h600_109274188.webp","type":"image\/webp"}],"twitter_card":"summary_large_image","twitter_misc":{"Tahmini okuma s\u00fcresi":"1 dakika"},"schema":{"@context":"https:\/\/schema.org","@graph":[{"@type":"WebPage","@id":"https:\/\/www.sfsyedek.com\/index.php\/urun\/dalgakiran-11000965-seperator-filtresi\/","url":"https:\/\/www.sfsyedek.com\/index.php\/urun\/dalgakiran-11000965-seperator-filtresi\/","name":"Dalgakiran 11000965 Seperat\u00f6r Filtresi - SFS YEDEK","isPartOf":{"@id":"https:\/\/www.sfsyedek.com\/#website"},"primaryImageOfPage":{"@id":"https:\/\/www.sfsyedek.com\/index.php\/urun\/dalgakiran-11000965-seperator-filtresi\/#primaryimage"},"image":{"@id":"https:\/\/www.sfsyedek.com\/index.php\/urun\/dalgakiran-11000965-seperator-filtresi\/#primaryimage"},"thumbnailUrl":"https:\/\/www.sfsyedek.com\/wp-content\/uploads\/2025\/01\/109274188_w600_h600_109274188.webp","datePublished":"2025-01-29T20:42:48+00:00","dateModified":"2025-01-29T20:48:09+00:00","description":"Dalgak\u0131ran 11000965 Seperat\u00f6r filtresi, Dalgak\u0131ran TIDY 20 Seperat\u00f6r filtresi, 1311127434 Separator filtre, dalgak\u0131ran hava filtresi, dalgak\u0131ran ya\u011f filtres","breadcrumb":{"@id":"https:\/\/www.sfsyedek.com\/index.php\/urun\/dalgakiran-11000965-seperator-filtresi\/#breadcrumb"},"inLanguage":"tr","potentialAction":[{"@type":"ReadAction","target":["https:\/\/www.sfsyedek.com\/index.php\/urun\/dalgakiran-11000965-seperator-filtresi\/"]}]},{"@type":"ImageObject","inLanguage":"tr","@id":"https:\/\/www.sfsyedek.com\/index.php\/urun\/dalgakiran-11000965-seperator-filtresi\/#primaryimage","url":"https:\/\/www.sfsyedek.com\/wp-content\/uploads\/2025\/01\/109274188_w600_h600_109274188.webp","contentUrl":"https:\/\/www.sfsyedek.com\/wp-content\/uploads\/2025\/01\/109274188_w600_h600_109274188.webp","width":400,"height":479},{"@type":"BreadcrumbList","@id":"https:\/\/www.sfsyedek.com\/index.php\/urun\/dalgakiran-11000965-seperator-filtresi\/#breadcrumb","itemListElement":[{"@type":"ListItem","position":1,"name":"Anasayfa","item":"https:\/\/www.sfsyedek.com\/"},{"@type":"ListItem","position":2,"name":"Ma\u011faza","item":"https:\/\/www.sfsyedek.com\/index.php\/magaza\/"},{"@type":"ListItem","position":3,"name":"Dalgakiran 11000965 Seperat\u00f6r Filtresi"}]},{"@type":"WebSite","@id":"https:\/\/www.sfsyedek.com\/#website","url":"https:\/\/www.sfsyedek.com\/","name":"SFS YEDEK","description":"YEDEK PAR&Ccedil;A","publisher":{"@id":"https:\/\/www.sfsyedek.com\/#organization"},"potentialAction":[{"@type":"SearchAction","target":{"@type":"EntryPoint","urlTemplate":"https:\/\/www.sfsyedek.com\/?s={search_term_string}"},"query-input":{"@type":"PropertyValueSpecification","valueRequired":true,"valueName":"search_term_string"}}],"inLanguage":"tr"},{"@type":"Organization","@id":"https:\/\/www.sfsyedek.com\/#organization","name":"SFS YEDEK","url":"https:\/\/www.sfsyedek.com\/","logo":{"@type":"ImageObject","inLanguage":"tr","@id":"https:\/\/www.sfsyedek.com\/#\/schema\/logo\/image\/","url":"https:\/\/www.sfsyedek.com\/wp-content\/uploads\/2024\/09\/cropped-cropped-90f0fd71-b5af-4f90-96d7-e70b973d623a-1-e1736365479160.jpg","contentUrl":"https:\/\/www.sfsyedek.com\/wp-content\/uploads\/2024\/09\/cropped-cropped-90f0fd71-b5af-4f90-96d7-e70b973d623a-1-e1736365479160.jpg","width":115,"height":101,"caption":"SFS YEDEK"},"image":{"@id":"https:\/\/www.sfsyedek.com\/#\/schema\/logo\/image\/"}}]}},"jetpack_sharing_enabled":true,"_links":{"self":[{"href":"https:\/\/www.sfsyedek.com\/index.php\/wp-json\/wp\/v2\/product\/673","targetHints":{"allow":["GET"]}}],"collection":[{"href":"https:\/\/www.sfsyedek.com\/index.php\/wp-json\/wp\/v2\/product"}],"about":[{"href":"https:\/\/www.sfsyedek.com\/index.php\/wp-json\/wp\/v2\/types\/product"}],"replies":[{"embeddable":true,"href":"https:\/\/www.sfsyedek.com\/index.php\/wp-json\/wp\/v2\/comments?post=673"}],"wp:featuredmedia":[{"embeddable":true,"href":"https:\/\/www.sfsyedek.com\/index.php\/wp-json\/wp\/v2\/media\/676"}],"wp:attachment":[{"href":"https:\/\/www.sfsyedek.com\/index.php\/wp-json\/wp\/v2\/media?parent=673"}],"wp:term":[{"taxonomy":"product_brand","embeddable":true,"href":"https:\/\/www.sfsyedek.com\/index.php\/wp-json\/wp\/v2\/product_brand?post=673"},{"taxonomy":"product_cat","embeddable":true,"href":"https:\/\/www.sfsyedek.com\/index.php\/wp-json\/wp\/v2\/product_cat?post=673"},{"taxonomy":"product_tag","embeddable":true,"href":"https:\/\/www.sfsyedek.com\/index.php\/wp-json\/wp\/v2\/product_tag?post=673"}],"curies":[{"name":"wp","href":"https:\/\/api.w.org\/{rel}","templated":true}]}}