{"id":82,"date":"2023-01-29T22:23:29","date_gmt":"2023-01-29T22:23:29","guid":{"rendered":"http:\/\/www.sfsyedek.com\/?post_type=product&#038;p=82"},"modified":"2025-01-15T20:24:50","modified_gmt":"2025-01-15T20:24:50","slug":"ekomak-dmd-100-seperator","status":"publish","type":"product","link":"https:\/\/www.sfsyedek.com\/index.php\/urun\/ekomak-dmd-100-seperator\/","title":{"rendered":"Ekomak dmd 100 seperat\u00f6r"},"content":{"rendered":"<p><img decoding=\"async\" class=\"size-full wp-image-81 alignnone\" src=\"https:\/\/www.sfsyedek.com\/wp-content\/uploads\/2023\/01\/EKOMAK-1.jpg\" alt=\"\" width=\"284\" height=\"148\" \/><\/p>\n<p>EKOMAK Kompres\u00f6r Seperat\u00f6r Filtresi<\/p>\n<p>EKOMAK MKN000919<\/p>\n<p>EKOMAK 211910-1<\/p>\n<p>EKOMAK 6221372750<\/p>\n<p>Ekomak DMD 30<\/p>\n<p>Ekomak DMD 40<\/p>\n<p>Ekomak DMD 50<\/p>\n<p>Ekomak DMD 75<\/p>\n<p>Ekomak DMD 100<\/p>\n<p>Ekomak DMD 150<\/p>\n","protected":false},"excerpt":{"rendered":"<p>EKOMAK DMD 30<\/p>\n<p>EKOMAK DMD 40<\/p>\n<p>EKOMAK DMD 55<\/p>\n<p>EKOMAK DMD 75<\/p>\n<p>EKOMAK DMD 100<\/p>\n<p>EKOMAK DMD 150<\/p>\n<p>EKOMAK\u00a0 MKN000919<\/p>\n<p>EKOMAK\u00a0 211910-1 ,<\/p>\n<p>EKOMAK 6221372750<\/p>\n<p>DALGAKIRAN 11000932 ,\u00a01311125001 , 1311127403 , 311125000<\/p>\n<p>INGERSOLLRAND 39930193<\/p>\n<p>KOMSAN 154.56.040<\/p>\n<p>&nbsp;<\/p>\n","protected":false},"featured_media":85,"comment_status":"open","ping_status":"closed","template":"","meta":[],"product_brand":[],"product_cat":[63],"product_tag":[67,66,68,69],"class_list":{"0":"post-82","1":"product","2":"type-product","3":"status-publish","4":"has-post-thumbnail","6":"product_cat-seperator-filtresi","7":"product_tag-dalgakiran-tidy-10-seperator","8":"product_tag-ekomak-dmd100-seperator","9":"product_tag-komsan-vek-10-seperator-filtresi","10":"product_tag-mann-lb962-2","12":"first","13":"instock","14":"taxable","15":"shipping-taxable","16":"purchasable","17":"product-type-simple"},"yoast_head":"<!-- This site is optimized with the Yoast SEO plugin v25.3.1 - https:\/\/yoast.com\/wordpress\/plugins\/seo\/ -->\n<title>Ekomak dmd 100 seperat\u00f6r - SFS YEDEK<\/title>\n<meta name=\"description\" content=\"Ekomak kompres\u00f6r dmd 100 sepeat\u00f6r filtresi, Dalgak\u0131ran tidy 10 seperat\u00f6r filtresi,komsan vek10 seperat\u00f6r filtresi,ekomak kompres\u00f6r seperat\u00f6r\" \/>\n<meta name=\"robots\" content=\"index, follow, max-snippet:-1, max-image-preview:large, max-video-preview:-1\" \/>\n<link rel=\"canonical\" href=\"https:\/\/www.sfsyedek.com\/index.php\/urun\/ekomak-dmd-100-seperator\/\" \/>\n<meta property=\"og:locale\" content=\"tr_TR\" \/>\n<meta property=\"og:type\" content=\"article\" \/>\n<meta property=\"og:title\" content=\"Ekomak dmd 100 seperat\u00f6r - SFS YEDEK\" \/>\n<meta property=\"og:description\" content=\"Ekomak kompres\u00f6r dmd 100 sepeat\u00f6r filtresi, Dalgak\u0131ran tidy 10 seperat\u00f6r filtresi,komsan vek10 seperat\u00f6r filtresi,ekomak kompres\u00f6r seperat\u00f6r\" \/>\n<meta property=\"og:url\" content=\"https:\/\/www.sfsyedek.com\/index.php\/urun\/ekomak-dmd-100-seperator\/\" \/>\n<meta property=\"og:site_name\" content=\"SFS YEDEK\" \/>\n<meta property=\"article:modified_time\" content=\"2025-01-15T20:24:50+00:00\" \/>\n<meta property=\"og:image\" content=\"https:\/\/www.sfsyedek.com\/wp-content\/uploads\/2023\/01\/separator-2914510000-mkn002361-211910-scaled-e1736972612177.jpg\" \/>\n\t<meta property=\"og:image:width\" content=\"500\" \/>\n\t<meta property=\"og:image:height\" content=\"684\" \/>\n\t<meta property=\"og:image:type\" content=\"image\/jpeg\" \/>\n<meta name=\"twitter:card\" content=\"summary_large_image\" \/>\n<meta name=\"twitter:label1\" content=\"Tahmini okuma s\u00fcresi\" \/>\n\t<meta name=\"twitter:data1\" content=\"1 dakika\" \/>\n<script type=\"application\/ld+json\" class=\"yoast-schema-graph\">{\"@context\":\"https:\/\/schema.org\",\"@graph\":[{\"@type\":\"WebPage\",\"@id\":\"https:\/\/www.sfsyedek.com\/index.php\/urun\/ekomak-dmd-100-seperator\/\",\"url\":\"https:\/\/www.sfsyedek.com\/index.php\/urun\/ekomak-dmd-100-seperator\/\",\"name\":\"Ekomak dmd 100 seperat\u00f6r - SFS YEDEK\",\"isPartOf\":{\"@id\":\"https:\/\/www.sfsyedek.com\/#website\"},\"primaryImageOfPage\":{\"@id\":\"https:\/\/www.sfsyedek.com\/index.php\/urun\/ekomak-dmd-100-seperator\/#primaryimage\"},\"image\":{\"@id\":\"https:\/\/www.sfsyedek.com\/index.php\/urun\/ekomak-dmd-100-seperator\/#primaryimage\"},\"thumbnailUrl\":\"https:\/\/www.sfsyedek.com\/wp-content\/uploads\/2023\/01\/separator-2914510000-mkn002361-211910-scaled-e1736972612177.jpg\",\"datePublished\":\"2023-01-29T22:23:29+00:00\",\"dateModified\":\"2025-01-15T20:24:50+00:00\",\"description\":\"Ekomak kompres\u00f6r dmd 100 sepeat\u00f6r filtresi, Dalgak\u0131ran tidy 10 seperat\u00f6r filtresi,komsan vek10 seperat\u00f6r filtresi,ekomak kompres\u00f6r seperat\u00f6r\",\"breadcrumb\":{\"@id\":\"https:\/\/www.sfsyedek.com\/index.php\/urun\/ekomak-dmd-100-seperator\/#breadcrumb\"},\"inLanguage\":\"tr\",\"potentialAction\":[{\"@type\":\"ReadAction\",\"target\":[\"https:\/\/www.sfsyedek.com\/index.php\/urun\/ekomak-dmd-100-seperator\/\"]}]},{\"@type\":\"ImageObject\",\"inLanguage\":\"tr\",\"@id\":\"https:\/\/www.sfsyedek.com\/index.php\/urun\/ekomak-dmd-100-seperator\/#primaryimage\",\"url\":\"https:\/\/www.sfsyedek.com\/wp-content\/uploads\/2023\/01\/separator-2914510000-mkn002361-211910-scaled-e1736972612177.jpg\",\"contentUrl\":\"https:\/\/www.sfsyedek.com\/wp-content\/uploads\/2023\/01\/separator-2914510000-mkn002361-211910-scaled-e1736972612177.jpg\",\"width\":500,\"height\":684},{\"@type\":\"BreadcrumbList\",\"@id\":\"https:\/\/www.sfsyedek.com\/index.php\/urun\/ekomak-dmd-100-seperator\/#breadcrumb\",\"itemListElement\":[{\"@type\":\"ListItem\",\"position\":1,\"name\":\"Anasayfa\",\"item\":\"https:\/\/www.sfsyedek.com\/\"},{\"@type\":\"ListItem\",\"position\":2,\"name\":\"Ma\u011faza\",\"item\":\"https:\/\/www.sfsyedek.com\/index.php\/magaza\/\"},{\"@type\":\"ListItem\",\"position\":3,\"name\":\"Ekomak dmd 100 seperat\u00f6r\"}]},{\"@type\":\"WebSite\",\"@id\":\"https:\/\/www.sfsyedek.com\/#website\",\"url\":\"https:\/\/www.sfsyedek.com\/\",\"name\":\"SFS YEDEK\",\"description\":\"YEDEK PAR&Ccedil;A\",\"publisher\":{\"@id\":\"https:\/\/www.sfsyedek.com\/#organization\"},\"potentialAction\":[{\"@type\":\"SearchAction\",\"target\":{\"@type\":\"EntryPoint\",\"urlTemplate\":\"https:\/\/www.sfsyedek.com\/?s={search_term_string}\"},\"query-input\":{\"@type\":\"PropertyValueSpecification\",\"valueRequired\":true,\"valueName\":\"search_term_string\"}}],\"inLanguage\":\"tr\"},{\"@type\":\"Organization\",\"@id\":\"https:\/\/www.sfsyedek.com\/#organization\",\"name\":\"SFS YEDEK\",\"url\":\"https:\/\/www.sfsyedek.com\/\",\"logo\":{\"@type\":\"ImageObject\",\"inLanguage\":\"tr\",\"@id\":\"https:\/\/www.sfsyedek.com\/#\/schema\/logo\/image\/\",\"url\":\"https:\/\/www.sfsyedek.com\/wp-content\/uploads\/2024\/09\/cropped-cropped-90f0fd71-b5af-4f90-96d7-e70b973d623a-1-e1736365479160.jpg\",\"contentUrl\":\"https:\/\/www.sfsyedek.com\/wp-content\/uploads\/2024\/09\/cropped-cropped-90f0fd71-b5af-4f90-96d7-e70b973d623a-1-e1736365479160.jpg\",\"width\":115,\"height\":101,\"caption\":\"SFS YEDEK\"},\"image\":{\"@id\":\"https:\/\/www.sfsyedek.com\/#\/schema\/logo\/image\/\"}}]}<\/script>\n<!-- \/ Yoast SEO plugin. -->","yoast_head_json":{"title":"Ekomak dmd 100 seperat\u00f6r - SFS YEDEK","description":"Ekomak kompres\u00f6r dmd 100 sepeat\u00f6r filtresi, Dalgak\u0131ran tidy 10 seperat\u00f6r filtresi,komsan vek10 seperat\u00f6r filtresi,ekomak kompres\u00f6r seperat\u00f6r","robots":{"index":"index","follow":"follow","max-snippet":"max-snippet:-1","max-image-preview":"max-image-preview:large","max-video-preview":"max-video-preview:-1"},"canonical":"https:\/\/www.sfsyedek.com\/index.php\/urun\/ekomak-dmd-100-seperator\/","og_locale":"tr_TR","og_type":"article","og_title":"Ekomak dmd 100 seperat\u00f6r - SFS YEDEK","og_description":"Ekomak kompres\u00f6r dmd 100 sepeat\u00f6r filtresi, Dalgak\u0131ran tidy 10 seperat\u00f6r filtresi,komsan vek10 seperat\u00f6r filtresi,ekomak kompres\u00f6r seperat\u00f6r","og_url":"https:\/\/www.sfsyedek.com\/index.php\/urun\/ekomak-dmd-100-seperator\/","og_site_name":"SFS YEDEK","article_modified_time":"2025-01-15T20:24:50+00:00","og_image":[{"width":500,"height":684,"url":"https:\/\/www.sfsyedek.com\/wp-content\/uploads\/2023\/01\/separator-2914510000-mkn002361-211910-scaled-e1736972612177.jpg","type":"image\/jpeg"}],"twitter_card":"summary_large_image","twitter_misc":{"Tahmini okuma s\u00fcresi":"1 dakika"},"schema":{"@context":"https:\/\/schema.org","@graph":[{"@type":"WebPage","@id":"https:\/\/www.sfsyedek.com\/index.php\/urun\/ekomak-dmd-100-seperator\/","url":"https:\/\/www.sfsyedek.com\/index.php\/urun\/ekomak-dmd-100-seperator\/","name":"Ekomak dmd 100 seperat\u00f6r - SFS YEDEK","isPartOf":{"@id":"https:\/\/www.sfsyedek.com\/#website"},"primaryImageOfPage":{"@id":"https:\/\/www.sfsyedek.com\/index.php\/urun\/ekomak-dmd-100-seperator\/#primaryimage"},"image":{"@id":"https:\/\/www.sfsyedek.com\/index.php\/urun\/ekomak-dmd-100-seperator\/#primaryimage"},"thumbnailUrl":"https:\/\/www.sfsyedek.com\/wp-content\/uploads\/2023\/01\/separator-2914510000-mkn002361-211910-scaled-e1736972612177.jpg","datePublished":"2023-01-29T22:23:29+00:00","dateModified":"2025-01-15T20:24:50+00:00","description":"Ekomak kompres\u00f6r dmd 100 sepeat\u00f6r filtresi, Dalgak\u0131ran tidy 10 seperat\u00f6r filtresi,komsan vek10 seperat\u00f6r filtresi,ekomak kompres\u00f6r seperat\u00f6r","breadcrumb":{"@id":"https:\/\/www.sfsyedek.com\/index.php\/urun\/ekomak-dmd-100-seperator\/#breadcrumb"},"inLanguage":"tr","potentialAction":[{"@type":"ReadAction","target":["https:\/\/www.sfsyedek.com\/index.php\/urun\/ekomak-dmd-100-seperator\/"]}]},{"@type":"ImageObject","inLanguage":"tr","@id":"https:\/\/www.sfsyedek.com\/index.php\/urun\/ekomak-dmd-100-seperator\/#primaryimage","url":"https:\/\/www.sfsyedek.com\/wp-content\/uploads\/2023\/01\/separator-2914510000-mkn002361-211910-scaled-e1736972612177.jpg","contentUrl":"https:\/\/www.sfsyedek.com\/wp-content\/uploads\/2023\/01\/separator-2914510000-mkn002361-211910-scaled-e1736972612177.jpg","width":500,"height":684},{"@type":"BreadcrumbList","@id":"https:\/\/www.sfsyedek.com\/index.php\/urun\/ekomak-dmd-100-seperator\/#breadcrumb","itemListElement":[{"@type":"ListItem","position":1,"name":"Anasayfa","item":"https:\/\/www.sfsyedek.com\/"},{"@type":"ListItem","position":2,"name":"Ma\u011faza","item":"https:\/\/www.sfsyedek.com\/index.php\/magaza\/"},{"@type":"ListItem","position":3,"name":"Ekomak dmd 100 seperat\u00f6r"}]},{"@type":"WebSite","@id":"https:\/\/www.sfsyedek.com\/#website","url":"https:\/\/www.sfsyedek.com\/","name":"SFS YEDEK","description":"YEDEK PAR&Ccedil;A","publisher":{"@id":"https:\/\/www.sfsyedek.com\/#organization"},"potentialAction":[{"@type":"SearchAction","target":{"@type":"EntryPoint","urlTemplate":"https:\/\/www.sfsyedek.com\/?s={search_term_string}"},"query-input":{"@type":"PropertyValueSpecification","valueRequired":true,"valueName":"search_term_string"}}],"inLanguage":"tr"},{"@type":"Organization","@id":"https:\/\/www.sfsyedek.com\/#organization","name":"SFS YEDEK","url":"https:\/\/www.sfsyedek.com\/","logo":{"@type":"ImageObject","inLanguage":"tr","@id":"https:\/\/www.sfsyedek.com\/#\/schema\/logo\/image\/","url":"https:\/\/www.sfsyedek.com\/wp-content\/uploads\/2024\/09\/cropped-cropped-90f0fd71-b5af-4f90-96d7-e70b973d623a-1-e1736365479160.jpg","contentUrl":"https:\/\/www.sfsyedek.com\/wp-content\/uploads\/2024\/09\/cropped-cropped-90f0fd71-b5af-4f90-96d7-e70b973d623a-1-e1736365479160.jpg","width":115,"height":101,"caption":"SFS YEDEK"},"image":{"@id":"https:\/\/www.sfsyedek.com\/#\/schema\/logo\/image\/"}}]}},"jetpack_sharing_enabled":true,"_links":{"self":[{"href":"https:\/\/www.sfsyedek.com\/index.php\/wp-json\/wp\/v2\/product\/82","targetHints":{"allow":["GET"]}}],"collection":[{"href":"https:\/\/www.sfsyedek.com\/index.php\/wp-json\/wp\/v2\/product"}],"about":[{"href":"https:\/\/www.sfsyedek.com\/index.php\/wp-json\/wp\/v2\/types\/product"}],"replies":[{"embeddable":true,"href":"https:\/\/www.sfsyedek.com\/index.php\/wp-json\/wp\/v2\/comments?post=82"}],"wp:featuredmedia":[{"embeddable":true,"href":"https:\/\/www.sfsyedek.com\/index.php\/wp-json\/wp\/v2\/media\/85"}],"wp:attachment":[{"href":"https:\/\/www.sfsyedek.com\/index.php\/wp-json\/wp\/v2\/media?parent=82"}],"wp:term":[{"taxonomy":"product_brand","embeddable":true,"href":"https:\/\/www.sfsyedek.com\/index.php\/wp-json\/wp\/v2\/product_brand?post=82"},{"taxonomy":"product_cat","embeddable":true,"href":"https:\/\/www.sfsyedek.com\/index.php\/wp-json\/wp\/v2\/product_cat?post=82"},{"taxonomy":"product_tag","embeddable":true,"href":"https:\/\/www.sfsyedek.com\/index.php\/wp-json\/wp\/v2\/product_tag?post=82"}],"curies":[{"name":"wp","href":"https:\/\/api.w.org\/{rel}","templated":true}]}}